{"id":884,"date":"2023-12-04T13:18:18","date_gmt":"2023-12-04T12:18:18","guid":{"rendered":"https:\/\/scanco.qntm.no\/?page_id=884"},"modified":"2024-01-28T19:20:06","modified_gmt":"2024-01-28T18:20:06","slug":"om-oss","status":"publish","type":"page","link":"https:\/\/scanco.no\/en\/om-oss\/","title":{"rendered":"About us"},"content":{"rendered":"<div data-elementor-type=\"wp-page\" data-elementor-id=\"884\" class=\"elementor elementor-884\" data-elementor-post-type=\"page\">\n\t\t\t\t<div class=\"elementor-element elementor-element-5f6e4866 e-con-full e-flex e-con e-parent\" data-id=\"5f6e4866\" data-element_type=\"container\" data-settings=\"{&quot;background_background&quot;:&quot;gradient&quot;}\">\n\t\t<div class=\"elementor-element elementor-element-1b08e568 e-con-full e-flex e-con e-child\" data-id=\"1b08e568\" data-element_type=\"container\">\n\t\t\t\t<div class=\"elementor-element elementor-element-25a3ee67 elementor-widget elementor-widget-heading\" data-id=\"25a3ee67\" data-element_type=\"widget\" data-widget_type=\"heading.default\">\n\t\t\t\t<div class=\"elementor-widget-container\">\n\t\t\t\t\t<h2 class=\"elementor-heading-title elementor-size-default\">About us<\/h2>\t\t\t\t<\/div>\n\t\t\t\t<\/div>\n\t\t\t\t<div class=\"elementor-element elementor-element-5aaa517 elementor-widget elementor-widget-text-editor\" data-id=\"5aaa517\" data-element_type=\"widget\" data-widget_type=\"text-editor.default\">\n\t\t\t\t<div class=\"elementor-widget-container\">\n\t\t\t\t\t\t\t\t\t<p><b>SCANCO AS<\/b>\u00a0has specialized in products within onshore, offshore and marine<br \/>which ensures optimal functionality on equipment for offshore and vessels. For many years, we have delivered our products to some of the most demanding applications where only the best<br \/>is good enough. We deliver tomorrow&#039;s solutions already today.<\/p>\t\t\t\t\t\t\t\t<\/div>\n\t\t\t\t<\/div>\n\t\t\t\t<\/div>\n\t\t\t\t<div class=\"elementor-element elementor-element-1e768951 elementor-widget__width-initial elementor-widget-tablet__width-inherit elementor-widget elementor-widget-image\" data-id=\"1e768951\" data-element_type=\"widget\" data-widget_type=\"image.default\">\n\t\t\t\t<div class=\"elementor-widget-container\">\n\t\t\t\t\t\t\t\t\t\t\t\t\t\t\t<img fetchpriority=\"high\" decoding=\"async\" width=\"1024\" height=\"768\" src=\"https:\/\/scanco.no\/wp-content\/uploads\/2023\/12\/20231221_120851229_iOS-scaled.jpg\" class=\"attachment-large size-large wp-image-1346\" alt=\"vannskj\u00e6rt scanco logo\" srcset=\"https:\/\/scanco.no\/wp-content\/uploads\/2023\/12\/20231221_120851229_iOS-scaled.jpg 2560w, https:\/\/scanco.no\/wp-content\/uploads\/2023\/12\/20231221_120851229_iOS-scaled-600x450.jpg 600w\" sizes=\"(max-width: 1024px) 100vw, 1024px\" \/>\t\t\t\t\t\t\t\t\t\t\t\t\t\t\t<\/div>\n\t\t\t\t<\/div>\n\t\t\t\t<\/div>\n\t\t<div class=\"elementor-element elementor-element-bb1f5e4 e-flex e-con-boxed e-con e-parent\" data-id=\"bb1f5e4\" data-element_type=\"container\" data-settings=\"{&quot;background_background&quot;:&quot;classic&quot;}\">\n\t\t\t\t\t<div class=\"e-con-inner\">\n\t\t\t\t<div class=\"elementor-element elementor-element-62cda8e elementor-widget elementor-widget-text-editor\" data-id=\"62cda8e\" data-element_type=\"widget\" data-widget_type=\"text-editor.default\">\n\t\t\t\t<div class=\"elementor-widget-container\">\n\t\t\t\t\t\t\t\t\t<p>\u00a0<\/p><p>Since 1979 has\u00a0<b>SCANCO AS<\/b>\u00a0built up a network of suppliers to ensure that our products meet all requirements set in the market. We have extensive experience in working closely with technical environments at our customers and manufacturers to ensure the best technical applications<br \/>the solutions.<\/p><p><b>SCANCO AS<\/b>\u00a0is a growing company also within the supply of parts to the subsea industry and to hydropower plants. We are a very customer focused company. Short response times are our hallmark in a service-demanding market. Our great focus on HSE and quality makes us a reliable partner.\u00a0<\/p>\t\t\t\t\t\t\t\t<\/div>\n\t\t\t\t<\/div>\n\t\t\t\t\t<\/div>\n\t\t\t\t<\/div>\n\t\t<div class=\"elementor-element elementor-element-ad9a205 e-flex e-con-boxed e-con e-parent\" data-id=\"ad9a205\" data-element_type=\"container\" data-settings=\"{&quot;background_background&quot;:&quot;gradient&quot;}\">\n\t\t\t\t\t<div class=\"e-con-inner\">\n\t\t\t\t<div class=\"elementor-element elementor-element-c2a8a00 elementor-widget elementor-widget-spacer\" data-id=\"c2a8a00\" data-element_type=\"widget\" data-widget_type=\"spacer.default\">\n\t\t\t\t<div class=\"elementor-widget-container\">\n\t\t\t\t\t\t\t<div class=\"elementor-spacer\">\n\t\t\t<div class=\"elementor-spacer-inner\"><\/div>\n\t\t<\/div>\n\t\t\t\t\t\t<\/div>\n\t\t\t\t<\/div>\n\t\t\t\t\t<\/div>\n\t\t\t\t<\/div>\n\t\t\t\t<\/div>","protected":false},"excerpt":{"rendered":"<p>About us SCANCO AS specializes in onshore, offshore and marine products that ensure optimal functionality of offshore and vessel equipment. For many years, we have delivered our products to some of the most demanding applications where only the best is good enough. We deliver tomorrow&#039;s solutions today. Since 1979, SCANCO [\u2026]<\/p>","protected":false},"author":2,"featured_media":0,"parent":0,"menu_order":0,"comment_status":"closed","ping_status":"closed","template":"","meta":{"_monsterinsights_skip_tracking":false,"_monsterinsights_sitenote_active":false,"_monsterinsights_sitenote_note":"","_monsterinsights_sitenote_category":0,"site-sidebar-layout":"no-sidebar","site-content-layout":"","ast-site-content-layout":"full-width-container","site-content-style":"default","site-sidebar-style":"default","ast-global-header-display":"","ast-banner-title-visibility":"","ast-main-header-display":"","ast-hfb-above-header-display":"","ast-hfb-below-header-display":"","ast-hfb-mobile-header-display":"","site-post-title":"disabled","ast-breadcrumbs-content":"","ast-featured-img":"disabled","footer-sml-layout":"","ast-disable-related-posts":"","theme-transparent-header-meta":"default","adv-header-id-meta":"","stick-header-meta":"","header-above-stick-meta":"","header-main-stick-meta":"","header-below-stick-meta":"","astra-migrate-meta-layouts":"set","ast-page-background-enabled":"default","ast-page-background-meta":{"desktop":{"background-color":"var(--ast-global-color-4)","background-image":"","background-repeat":"repeat","background-position":"center center","background-size":"auto","background-attachment":"scroll","background-type":"","background-media":"","overlay-type":"","overlay-color":"","overlay-opacity":"","overlay-gradient":""},"tablet":{"background-color":"","background-image":"","background-repeat":"repeat","background-position":"center center","background-size":"auto","background-attachment":"scroll","background-type":"","background-media":"","overlay-type":"","overlay-color":"","overlay-opacity":"","overlay-gradient":""},"mobile":{"background-color":"","background-image":"","background-repeat":"repeat","background-position":"center center","background-size":"auto","background-attachment":"scroll","background-type":"","background-media":"","overlay-type":"","overlay-color":"","overlay-opacity":"","overlay-gradient":""}},"ast-content-background-meta":{"desktop":{"background-color":"var(--ast-global-color-5)","background-image":"","background-repeat":"repeat","background-position":"center center","background-size":"auto","background-attachment":"scroll","background-type":"","background-media":"","overlay-type":"","overlay-color":"","overlay-opacity":"","overlay-gradient":""},"tablet":{"background-color":"var(--ast-global-color-5)","background-image":"","background-repeat":"repeat","background-position":"center center","background-size":"auto","background-attachment":"scroll","background-type":"","background-media":"","overlay-type":"","overlay-color":"","overlay-opacity":"","overlay-gradient":""},"mobile":{"background-color":"var(--ast-global-color-5)","background-image":"","background-repeat":"repeat","background-position":"center center","background-size":"auto","background-attachment":"scroll","background-type":"","background-media":"","overlay-type":"","overlay-color":"","overlay-opacity":"","overlay-gradient":""}},"footnotes":""},"class_list":["post-884","page","type-page","status-publish","hentry"],"yoast_head":"<!-- This site is optimized with the Yoast SEO Premium plugin v26.8 (Yoast SEO v26.8) - https:\/\/yoast.com\/product\/yoast-seo-premium-wordpress\/ -->\n<title>Om oss | Scanco AS<\/title>\n<meta name=\"description\" content=\"Scanco AS er fokusert p\u00e5 kundens behov og leverer h\u00f8ykvalitets produkter og l\u00f8sninger til marine, offshore og onshore.\" \/>\n<meta name=\"robots\" content=\"index, follow, max-snippet:-1, max-image-preview:large, max-video-preview:-1\" \/>\n<link rel=\"canonical\" href=\"https:\/\/scanco.no\/en\/om-oss\/\" \/>\n<meta property=\"og:locale\" content=\"en_GB\" \/>\n<meta property=\"og:type\" content=\"article\" \/>\n<meta property=\"og:title\" content=\"Om oss\" \/>\n<meta property=\"og:description\" content=\"Scanco AS er fokusert p\u00e5 kundens behov og leverer h\u00f8ykvalitets produkter og l\u00f8sninger til marine, offshore og onshore.\" \/>\n<meta property=\"og:url\" content=\"https:\/\/scanco.no\/en\/om-oss\/\" \/>\n<meta property=\"og:site_name\" content=\"Scanco AS\" \/>\n<meta property=\"article:publisher\" content=\"https:\/\/www.facebook.com\/scancoas\/\" \/>\n<meta property=\"article:modified_time\" content=\"2024-01-28T18:20:06+00:00\" \/>\n<meta property=\"og:image\" content=\"https:\/\/scanco.qntm.no\/wp-content\/uploads\/2023\/12\/20231221_120851229_iOS.jpg\" \/>\n<meta name=\"twitter:card\" content=\"summary_large_image\" \/>\n<meta name=\"twitter:label1\" content=\"Estimated reading time\" \/>\n\t<meta name=\"twitter:data1\" content=\"2 minutes\" \/>\n<script type=\"application\/ld+json\" class=\"yoast-schema-graph\">{\"@context\":\"https:\/\/schema.org\",\"@graph\":[{\"@type\":\"WebPage\",\"@id\":\"https:\/\/scanco.no\/om-oss\/\",\"url\":\"https:\/\/scanco.no\/om-oss\/\",\"name\":\"Om oss | Scanco AS\",\"isPartOf\":{\"@id\":\"https:\/\/scanco.no\/#website\"},\"primaryImageOfPage\":{\"@id\":\"https:\/\/scanco.no\/om-oss\/#primaryimage\"},\"image\":{\"@id\":\"https:\/\/scanco.no\/om-oss\/#primaryimage\"},\"thumbnailUrl\":\"https:\/\/scanco.qntm.no\/wp-content\/uploads\/2023\/12\/20231221_120851229_iOS.jpg\",\"datePublished\":\"2023-12-04T12:18:18+00:00\",\"dateModified\":\"2024-01-28T18:20:06+00:00\",\"description\":\"Scanco AS er fokusert p\u00e5 kundens behov og leverer h\u00f8ykvalitets produkter og l\u00f8sninger til marine, offshore og onshore.\",\"breadcrumb\":{\"@id\":\"https:\/\/scanco.no\/om-oss\/#breadcrumb\"},\"inLanguage\":\"en-GB\",\"potentialAction\":[{\"@type\":\"ReadAction\",\"target\":[\"https:\/\/scanco.no\/om-oss\/\"]}]},{\"@type\":\"ImageObject\",\"inLanguage\":\"en-GB\",\"@id\":\"https:\/\/scanco.no\/om-oss\/#primaryimage\",\"url\":\"https:\/\/scanco.qntm.no\/wp-content\/uploads\/2023\/12\/20231221_120851229_iOS.jpg\",\"contentUrl\":\"https:\/\/scanco.qntm.no\/wp-content\/uploads\/2023\/12\/20231221_120851229_iOS.jpg\"},{\"@type\":\"BreadcrumbList\",\"@id\":\"https:\/\/scanco.no\/om-oss\/#breadcrumb\",\"itemListElement\":[{\"@type\":\"ListItem\",\"position\":1,\"name\":\"Hjem\",\"item\":\"https:\/\/scanco.no\/\"},{\"@type\":\"ListItem\",\"position\":2,\"name\":\"Om oss\"}]},{\"@type\":\"WebSite\",\"@id\":\"https:\/\/scanco.no\/#website\",\"url\":\"https:\/\/scanco.no\/\",\"name\":\"Scanco AS\",\"description\":\"\",\"publisher\":{\"@id\":\"https:\/\/scanco.no\/#organization\"},\"potentialAction\":[{\"@type\":\"SearchAction\",\"target\":{\"@type\":\"EntryPoint\",\"urlTemplate\":\"https:\/\/scanco.no\/?s={search_term_string}\"},\"query-input\":{\"@type\":\"PropertyValueSpecification\",\"valueRequired\":true,\"valueName\":\"search_term_string\"}}],\"inLanguage\":\"en-GB\"},{\"@type\":\"Organization\",\"@id\":\"https:\/\/scanco.no\/#organization\",\"name\":\"Scanco AS\",\"url\":\"https:\/\/scanco.no\/\",\"logo\":{\"@type\":\"ImageObject\",\"inLanguage\":\"en-GB\",\"@id\":\"https:\/\/scanco.no\/#\/schema\/logo\/image\/\",\"url\":\"https:\/\/scanco.no\/wp-content\/uploads\/2023\/11\/scanco_logo-uten-navn.png\",\"contentUrl\":\"https:\/\/scanco.no\/wp-content\/uploads\/2023\/11\/scanco_logo-uten-navn.png\",\"width\":402,\"height\":402,\"caption\":\"Scanco AS\"},\"image\":{\"@id\":\"https:\/\/scanco.no\/#\/schema\/logo\/image\/\"},\"sameAs\":[\"https:\/\/www.facebook.com\/scancoas\/\",\"https:\/\/www.youtube.com\/@ScancoAS\",\"https:\/\/www.linkedin.com\/company\/scanco-as\/\",\"https:\/\/www.instagram.com\/scancoas\/\"]}]}<\/script>\n<!-- \/ Yoast SEO Premium plugin. -->","yoast_head_json":{"title":"About us | Scanco AS","description":"Scanco AS is focused on customer needs and delivers high-quality products and solutions for marine, offshore and onshore.","robots":{"index":"index","follow":"follow","max-snippet":"max-snippet:-1","max-image-preview":"max-image-preview:large","max-video-preview":"max-video-preview:-1"},"canonical":"https:\/\/scanco.no\/en\/om-oss\/","og_locale":"en_GB","og_type":"article","og_title":"Om oss","og_description":"Scanco AS er fokusert p\u00e5 kundens behov og leverer h\u00f8ykvalitets produkter og l\u00f8sninger til marine, offshore og onshore.","og_url":"https:\/\/scanco.no\/en\/om-oss\/","og_site_name":"Scanco AS","article_publisher":"https:\/\/www.facebook.com\/scancoas\/","article_modified_time":"2024-01-28T18:20:06+00:00","og_image":[{"url":"https:\/\/scanco.qntm.no\/wp-content\/uploads\/2023\/12\/20231221_120851229_iOS.jpg","type":"","width":"","height":""}],"twitter_card":"summary_large_image","twitter_misc":{"Estimated reading time":"2 minutes"},"schema":{"@context":"https:\/\/schema.org","@graph":[{"@type":"WebPage","@id":"https:\/\/scanco.no\/om-oss\/","url":"https:\/\/scanco.no\/om-oss\/","name":"About us | Scanco AS","isPartOf":{"@id":"https:\/\/scanco.no\/#website"},"primaryImageOfPage":{"@id":"https:\/\/scanco.no\/om-oss\/#primaryimage"},"image":{"@id":"https:\/\/scanco.no\/om-oss\/#primaryimage"},"thumbnailUrl":"https:\/\/scanco.qntm.no\/wp-content\/uploads\/2023\/12\/20231221_120851229_iOS.jpg","datePublished":"2023-12-04T12:18:18+00:00","dateModified":"2024-01-28T18:20:06+00:00","description":"Scanco AS is focused on customer needs and delivers high-quality products and solutions for marine, offshore and onshore.","breadcrumb":{"@id":"https:\/\/scanco.no\/om-oss\/#breadcrumb"},"inLanguage":"en-GB","potentialAction":[{"@type":"ReadAction","target":["https:\/\/scanco.no\/om-oss\/"]}]},{"@type":"ImageObject","inLanguage":"en-GB","@id":"https:\/\/scanco.no\/om-oss\/#primaryimage","url":"https:\/\/scanco.qntm.no\/wp-content\/uploads\/2023\/12\/20231221_120851229_iOS.jpg","contentUrl":"https:\/\/scanco.qntm.no\/wp-content\/uploads\/2023\/12\/20231221_120851229_iOS.jpg"},{"@type":"BreadcrumbList","@id":"https:\/\/scanco.no\/om-oss\/#breadcrumb","itemListElement":[{"@type":"ListItem","position":1,"name":"Hjem","item":"https:\/\/scanco.no\/"},{"@type":"ListItem","position":2,"name":"Om oss"}]},{"@type":"WebSite","@id":"https:\/\/scanco.no\/#website","url":"https:\/\/scanco.no\/","name":"Scanco AS","description":"","publisher":{"@id":"https:\/\/scanco.no\/#organization"},"potentialAction":[{"@type":"SearchAction","target":{"@type":"EntryPoint","urlTemplate":"https:\/\/scanco.no\/?s={search_term_string}"},"query-input":{"@type":"PropertyValueSpecification","valueRequired":true,"valueName":"search_term_string"}}],"inLanguage":"en-GB"},{"@type":"Organization","@id":"https:\/\/scanco.no\/#organization","name":"Scanco AS","url":"https:\/\/scanco.no\/","logo":{"@type":"ImageObject","inLanguage":"en-GB","@id":"https:\/\/scanco.no\/#\/schema\/logo\/image\/","url":"https:\/\/scanco.no\/wp-content\/uploads\/2023\/11\/scanco_logo-uten-navn.png","contentUrl":"https:\/\/scanco.no\/wp-content\/uploads\/2023\/11\/scanco_logo-uten-navn.png","width":402,"height":402,"caption":"Scanco AS"},"image":{"@id":"https:\/\/scanco.no\/#\/schema\/logo\/image\/"},"sameAs":["https:\/\/www.facebook.com\/scancoas\/","https:\/\/www.youtube.com\/@ScancoAS","https:\/\/www.linkedin.com\/company\/scanco-as\/","https:\/\/www.instagram.com\/scancoas\/"]}]}},"_links":{"self":[{"href":"https:\/\/scanco.no\/en\/wp-json\/wp\/v2\/pages\/884","targetHints":{"allow":["GET"]}}],"collection":[{"href":"https:\/\/scanco.no\/en\/wp-json\/wp\/v2\/pages"}],"about":[{"href":"https:\/\/scanco.no\/en\/wp-json\/wp\/v2\/types\/page"}],"author":[{"embeddable":true,"href":"https:\/\/scanco.no\/en\/wp-json\/wp\/v2\/users\/2"}],"replies":[{"embeddable":true,"href":"https:\/\/scanco.no\/en\/wp-json\/wp\/v2\/comments?post=884"}],"version-history":[{"count":25,"href":"https:\/\/scanco.no\/en\/wp-json\/wp\/v2\/pages\/884\/revisions"}],"predecessor-version":[{"id":2144,"href":"https:\/\/scanco.no\/en\/wp-json\/wp\/v2\/pages\/884\/revisions\/2144"}],"wp:attachment":[{"href":"https:\/\/scanco.no\/en\/wp-json\/wp\/v2\/media?parent=884"}],"curies":[{"name":"wp","href":"https:\/\/api.w.org\/{rel}","templated":true}]}}