{"id":2894,"date":"2024-08-27T11:34:37","date_gmt":"2024-08-27T09:34:37","guid":{"rendered":"https:\/\/scanco.no\/?post_type=product&#038;p=2894"},"modified":"2024-09-27T11:57:38","modified_gmt":"2024-09-27T09:57:38","slug":"psu-polysulfon","status":"publish","type":"product","link":"https:\/\/scanco.no\/en\/butikk\/produkter\/teknisk-plast-halvfabrikat-og-maskinerte-deler\/psu-polysulfon\/","title":{"rendered":"PSU"},"content":{"rendered":"<p>PSU is a thermoplastic polymer known for its exceptional strength, chemical resistance and thermal stability. it is the optimal choice for your advanced projects and production needs.<\/p>\n<p>&nbsp;<\/p>\n<h3>Why choose PSU?<\/h3>\n<ul>\n<li><strong>Exceptional Strength:<\/strong>\u00a0The PSU provides exceptional mechanical strength, even under demanding conditions, ensuring reliable performance for your machined components.<\/li>\n<li><strong>Chemical Resistance<\/strong>: Resist corrosive chemicals and aggressive environments, making the PSU ideal for applications requiring high chemical resistance.<\/li>\n<li>T<strong>amperage resistance<\/strong>: With an impressive thermal stability, the PSU provides reliable performance over a wide range of temperatures, from extreme cold to high temperatures.<\/li>\n<li><strong>Electrical Insulation:<\/strong>\u00a0The PSU is an excellent electrical insulator, making it ideal for electronic applications and electrically isolated parts.<\/li>\n<\/ul>\n<h3><\/h3>\n<h3>Our range:<\/h3>\n<p>Explore our extensive selection of semi-finished and machined parts. Whether you need precise components or structural parts, we deliver quality and reliability.<\/p>\n<h3><\/h3>\n<h3>CONTACT US<\/h3>\n<p>To find out more about our range of PSUs, or to discuss specific requirements for your business, please do not hesitate to contact us. We look forward to being your reliable partner in technical plastics.<\/p>\n<h3><\/h3>\n<h3>CUSTOM MACHINED PARTS<\/h3>\n<p>If your needs include custom made and machined parts, we are your trusted partner. Our experienced team is ready to work with you to deliver tailor-made solutions to suit your requirements. Contact us easily through our practical contact form to start the dialogue about your projects and needs.<\/p>","protected":false},"excerpt":{"rendered":"<ul>\n<li><span class=\"elementor-icon-list-text\">Good thermal stability<\/span><\/li>\n<li><span class=\"elementor-icon-list-text\">High strength and stiffness<\/span><\/li>\n<li><span class=\"elementor-icon-list-text\">Chemically resistant<\/span><\/li>\n<li><span class=\"elementor-icon-list-text\">Electrical properties<\/span><\/li>\n<\/ul>","protected":false},"featured_media":1928,"template":"","meta":{"_monsterinsights_skip_tracking":false,"_monsterinsights_sitenote_active":false,"_monsterinsights_sitenote_note":"","_monsterinsights_sitenote_category":0,"site-sidebar-layout":"default","site-content-layout":"","ast-site-content-layout":"default","site-content-style":"default","site-sidebar-style":"default","ast-global-header-display":"","ast-banner-title-visibility":"","ast-main-header-display":"","ast-hfb-above-header-display":"","ast-hfb-below-header-display":"","ast-hfb-mobile-header-display":"","site-post-title":"","ast-breadcrumbs-content":"","ast-featured-img":"","footer-sml-layout":"","ast-disable-related-posts":"","theme-transparent-header-meta":"default","adv-header-id-meta":"","stick-header-meta":"","header-above-stick-meta":"","header-main-stick-meta":"","header-below-stick-meta":"","astra-migrate-meta-layouts":"set","ast-page-background-enabled":"default","ast-page-background-meta":{"desktop":{"background-color":"var(--ast-global-color-4)","background-image":"","background-repeat":"repeat","background-position":"center center","background-size":"auto","background-attachment":"scroll","background-type":"","background-media":"","overlay-type":"","overlay-color":"","overlay-opacity":"","overlay-gradient":""},"tablet":{"background-color":"","background-image":"","background-repeat":"repeat","background-position":"center center","background-size":"auto","background-attachment":"scroll","background-type":"","background-media":"","overlay-type":"","overlay-color":"","overlay-opacity":"","overlay-gradient":""},"mobile":{"background-color":"","background-image":"","background-repeat":"repeat","background-position":"center center","background-size":"auto","background-attachment":"scroll","background-type":"","background-media":"","overlay-type":"","overlay-color":"","overlay-opacity":"","overlay-gradient":""}},"ast-content-background-meta":{"desktop":{"background-color":"var(--ast-global-color-5)","background-image":"","background-repeat":"repeat","background-position":"center center","background-size":"auto","background-attachment":"scroll","background-type":"","background-media":"","overlay-type":"","overlay-color":"","overlay-opacity":"","overlay-gradient":""},"tablet":{"background-color":"var(--ast-global-color-5)","background-image":"","background-repeat":"repeat","background-position":"center center","background-size":"auto","background-attachment":"scroll","background-type":"","background-media":"","overlay-type":"","overlay-color":"","overlay-opacity":"","overlay-gradient":""},"mobile":{"background-color":"var(--ast-global-color-5)","background-image":"","background-repeat":"repeat","background-position":"center center","background-size":"auto","background-attachment":"scroll","background-type":"","background-media":"","overlay-type":"","overlay-color":"","overlay-opacity":"","overlay-gradient":""}}},"product_brand":[],"product_cat":[81],"product_tag":[],"class_list":{"0":"post-2894","1":"product","2":"type-product","3":"status-publish","4":"has-post-thumbnail","6":"product_cat-teknisk-plast-halvfabrikat-og-maskinerte-deler","7":"desktop-align-center","8":"tablet-align-left","9":"mobile-align-left","10":"ast-product-gallery-layout-horizontal-slider","11":"ast-product-gallery-with-no-image","12":"ast-magnify-disabled","13":"ast-product-tabs-layout-horizontal","15":"first","16":"instock","17":"shipping-taxable","18":"product-type-simple"},"yoast_head":"<!-- This site is optimized with the Yoast SEO Premium plugin v26.8 (Yoast SEO v26.8) - https:\/\/yoast.com\/product\/yoast-seo-premium-wordpress\/ -->\n<title>PSU | Scanco AS<\/title>\n<meta name=\"description\" content=\"PSU tilh\u00f8rer gruppen av polysulfoner og er termoplastiske, transparente plasttyper. PSU er en h\u00f8ytemperaturplast med h\u00f8y mekanisk styrke\" \/>\n<meta name=\"robots\" content=\"index, follow, max-snippet:-1, max-image-preview:large, max-video-preview:-1\" \/>\n<link rel=\"canonical\" href=\"https:\/\/scanco.no\/en\/butikk\/produkter\/teknisk-plast-halvfabrikat-og-maskinerte-deler\/psu-polysulfon\/\" \/>\n<meta property=\"og:locale\" content=\"en_GB\" \/>\n<meta property=\"og:type\" content=\"article\" \/>\n<meta property=\"og:title\" content=\"PSU\" \/>\n<meta property=\"og:description\" content=\"PSU tilh\u00f8rer gruppen av polysulfoner og er termoplastiske, transparente plasttyper. PSU er en h\u00f8ytemperaturplast med h\u00f8y mekanisk styrke\" \/>\n<meta property=\"og:url\" content=\"https:\/\/scanco.no\/en\/butikk\/produkter\/teknisk-plast-halvfabrikat-og-maskinerte-deler\/psu-polysulfon\/\" \/>\n<meta property=\"og:site_name\" content=\"Scanco AS\" \/>\n<meta property=\"article:publisher\" content=\"https:\/\/www.facebook.com\/scancoas\/\" \/>\n<meta property=\"article:modified_time\" content=\"2024-09-27T09:57:38+00:00\" \/>\n<meta property=\"og:image\" content=\"https:\/\/scanco.no\/wp-content\/uploads\/2024\/01\/20240106_134203858_iOS-scaled.jpg\" \/>\n\t<meta property=\"og:image:width\" content=\"2560\" \/>\n\t<meta property=\"og:image:height\" content=\"1920\" \/>\n\t<meta property=\"og:image:type\" content=\"image\/jpeg\" \/>\n<meta name=\"twitter:card\" content=\"summary_large_image\" \/>\n<meta name=\"twitter:label1\" content=\"Estimated reading time\" \/>\n\t<meta name=\"twitter:data1\" content=\"2 minutes\" \/>\n<script type=\"application\/ld+json\" class=\"yoast-schema-graph\">{\"@context\":\"https:\/\/schema.org\",\"@graph\":[{\"@type\":\"WebPage\",\"@id\":\"https:\/\/scanco.no\/butikk\/produkter\/teknisk-plast-halvfabrikat-og-maskinerte-deler\/psu-polysulfon\/\",\"url\":\"https:\/\/scanco.no\/butikk\/produkter\/teknisk-plast-halvfabrikat-og-maskinerte-deler\/psu-polysulfon\/\",\"name\":\"PSU | Scanco AS\",\"isPartOf\":{\"@id\":\"https:\/\/scanco.no\/#website\"},\"primaryImageOfPage\":{\"@id\":\"https:\/\/scanco.no\/butikk\/produkter\/teknisk-plast-halvfabrikat-og-maskinerte-deler\/psu-polysulfon\/#primaryimage\"},\"image\":{\"@id\":\"https:\/\/scanco.no\/butikk\/produkter\/teknisk-plast-halvfabrikat-og-maskinerte-deler\/psu-polysulfon\/#primaryimage\"},\"thumbnailUrl\":\"https:\/\/scanco.no\/wp-content\/uploads\/2024\/01\/20240106_134203858_iOS-scaled.jpg\",\"datePublished\":\"2024-08-27T09:34:37+00:00\",\"dateModified\":\"2024-09-27T09:57:38+00:00\",\"description\":\"PSU tilh\u00f8rer gruppen av polysulfoner og er termoplastiske, transparente plasttyper. PSU er en h\u00f8ytemperaturplast med h\u00f8y mekanisk styrke\",\"breadcrumb\":{\"@id\":\"https:\/\/scanco.no\/butikk\/produkter\/teknisk-plast-halvfabrikat-og-maskinerte-deler\/psu-polysulfon\/#breadcrumb\"},\"inLanguage\":\"en-GB\",\"potentialAction\":[{\"@type\":\"ReadAction\",\"target\":[\"https:\/\/scanco.no\/butikk\/produkter\/teknisk-plast-halvfabrikat-og-maskinerte-deler\/psu-polysulfon\/\"]}]},{\"@type\":\"ImageObject\",\"inLanguage\":\"en-GB\",\"@id\":\"https:\/\/scanco.no\/butikk\/produkter\/teknisk-plast-halvfabrikat-og-maskinerte-deler\/psu-polysulfon\/#primaryimage\",\"url\":\"https:\/\/scanco.no\/wp-content\/uploads\/2024\/01\/20240106_134203858_iOS-scaled.jpg\",\"contentUrl\":\"https:\/\/scanco.no\/wp-content\/uploads\/2024\/01\/20240106_134203858_iOS-scaled.jpg\",\"width\":2560,\"height\":1920},{\"@type\":\"BreadcrumbList\",\"@id\":\"https:\/\/scanco.no\/butikk\/produkter\/teknisk-plast-halvfabrikat-og-maskinerte-deler\/psu-polysulfon\/#breadcrumb\",\"itemListElement\":[{\"@type\":\"ListItem\",\"position\":1,\"name\":\"Hjem\",\"item\":\"https:\/\/scanco.no\/\"},{\"@type\":\"ListItem\",\"position\":2,\"name\":\"Produkter\",\"item\":\"https:\/\/scanco.no\/shop\/\"},{\"@type\":\"ListItem\",\"position\":3,\"name\":\"PSU\"}]},{\"@type\":\"WebSite\",\"@id\":\"https:\/\/scanco.no\/#website\",\"url\":\"https:\/\/scanco.no\/\",\"name\":\"Scanco AS\",\"description\":\"\",\"publisher\":{\"@id\":\"https:\/\/scanco.no\/#organization\"},\"potentialAction\":[{\"@type\":\"SearchAction\",\"target\":{\"@type\":\"EntryPoint\",\"urlTemplate\":\"https:\/\/scanco.no\/?s={search_term_string}\"},\"query-input\":{\"@type\":\"PropertyValueSpecification\",\"valueRequired\":true,\"valueName\":\"search_term_string\"}}],\"inLanguage\":\"en-GB\"},{\"@type\":\"Organization\",\"@id\":\"https:\/\/scanco.no\/#organization\",\"name\":\"Scanco AS\",\"url\":\"https:\/\/scanco.no\/\",\"logo\":{\"@type\":\"ImageObject\",\"inLanguage\":\"en-GB\",\"@id\":\"https:\/\/scanco.no\/#\/schema\/logo\/image\/\",\"url\":\"https:\/\/scanco.no\/wp-content\/uploads\/2023\/11\/scanco_logo-uten-navn.png\",\"contentUrl\":\"https:\/\/scanco.no\/wp-content\/uploads\/2023\/11\/scanco_logo-uten-navn.png\",\"width\":402,\"height\":402,\"caption\":\"Scanco AS\"},\"image\":{\"@id\":\"https:\/\/scanco.no\/#\/schema\/logo\/image\/\"},\"sameAs\":[\"https:\/\/www.facebook.com\/scancoas\/\",\"https:\/\/www.youtube.com\/@ScancoAS\",\"https:\/\/www.linkedin.com\/company\/scanco-as\/\",\"https:\/\/www.instagram.com\/scancoas\/\"]}]}<\/script>\n<!-- \/ Yoast SEO Premium plugin. -->","yoast_head_json":{"title":"PSU | Scanco AS","description":"PSU belongs to the group of polysulfones and are thermoplastic, transparent plastics. PSU is a high-temperature plastic with high mechanical strength","robots":{"index":"index","follow":"follow","max-snippet":"max-snippet:-1","max-image-preview":"max-image-preview:large","max-video-preview":"max-video-preview:-1"},"canonical":"https:\/\/scanco.no\/en\/butikk\/produkter\/teknisk-plast-halvfabrikat-og-maskinerte-deler\/psu-polysulfon\/","og_locale":"en_GB","og_type":"article","og_title":"PSU","og_description":"PSU tilh\u00f8rer gruppen av polysulfoner og er termoplastiske, transparente plasttyper. PSU er en h\u00f8ytemperaturplast med h\u00f8y mekanisk styrke","og_url":"https:\/\/scanco.no\/en\/butikk\/produkter\/teknisk-plast-halvfabrikat-og-maskinerte-deler\/psu-polysulfon\/","og_site_name":"Scanco AS","article_publisher":"https:\/\/www.facebook.com\/scancoas\/","article_modified_time":"2024-09-27T09:57:38+00:00","og_image":[{"width":2560,"height":1920,"url":"https:\/\/scanco.no\/wp-content\/uploads\/2024\/01\/20240106_134203858_iOS-scaled.jpg","type":"image\/jpeg"}],"twitter_card":"summary_large_image","twitter_misc":{"Estimated reading time":"2 minutes"},"schema":{"@context":"https:\/\/schema.org","@graph":[{"@type":"WebPage","@id":"https:\/\/scanco.no\/butikk\/produkter\/teknisk-plast-halvfabrikat-og-maskinerte-deler\/psu-polysulfon\/","url":"https:\/\/scanco.no\/butikk\/produkter\/teknisk-plast-halvfabrikat-og-maskinerte-deler\/psu-polysulfon\/","name":"PSU | Scanco AS","isPartOf":{"@id":"https:\/\/scanco.no\/#website"},"primaryImageOfPage":{"@id":"https:\/\/scanco.no\/butikk\/produkter\/teknisk-plast-halvfabrikat-og-maskinerte-deler\/psu-polysulfon\/#primaryimage"},"image":{"@id":"https:\/\/scanco.no\/butikk\/produkter\/teknisk-plast-halvfabrikat-og-maskinerte-deler\/psu-polysulfon\/#primaryimage"},"thumbnailUrl":"https:\/\/scanco.no\/wp-content\/uploads\/2024\/01\/20240106_134203858_iOS-scaled.jpg","datePublished":"2024-08-27T09:34:37+00:00","dateModified":"2024-09-27T09:57:38+00:00","description":"PSU belongs to the group of polysulfones and are thermoplastic, transparent plastics. PSU is a high-temperature plastic with high mechanical strength","breadcrumb":{"@id":"https:\/\/scanco.no\/butikk\/produkter\/teknisk-plast-halvfabrikat-og-maskinerte-deler\/psu-polysulfon\/#breadcrumb"},"inLanguage":"en-GB","potentialAction":[{"@type":"ReadAction","target":["https:\/\/scanco.no\/butikk\/produkter\/teknisk-plast-halvfabrikat-og-maskinerte-deler\/psu-polysulfon\/"]}]},{"@type":"ImageObject","inLanguage":"en-GB","@id":"https:\/\/scanco.no\/butikk\/produkter\/teknisk-plast-halvfabrikat-og-maskinerte-deler\/psu-polysulfon\/#primaryimage","url":"https:\/\/scanco.no\/wp-content\/uploads\/2024\/01\/20240106_134203858_iOS-scaled.jpg","contentUrl":"https:\/\/scanco.no\/wp-content\/uploads\/2024\/01\/20240106_134203858_iOS-scaled.jpg","width":2560,"height":1920},{"@type":"BreadcrumbList","@id":"https:\/\/scanco.no\/butikk\/produkter\/teknisk-plast-halvfabrikat-og-maskinerte-deler\/psu-polysulfon\/#breadcrumb","itemListElement":[{"@type":"ListItem","position":1,"name":"Hjem","item":"https:\/\/scanco.no\/"},{"@type":"ListItem","position":2,"name":"Produkter","item":"https:\/\/scanco.no\/shop\/"},{"@type":"ListItem","position":3,"name":"PSU"}]},{"@type":"WebSite","@id":"https:\/\/scanco.no\/#website","url":"https:\/\/scanco.no\/","name":"Scanco AS","description":"","publisher":{"@id":"https:\/\/scanco.no\/#organization"},"potentialAction":[{"@type":"SearchAction","target":{"@type":"EntryPoint","urlTemplate":"https:\/\/scanco.no\/?s={search_term_string}"},"query-input":{"@type":"PropertyValueSpecification","valueRequired":true,"valueName":"search_term_string"}}],"inLanguage":"en-GB"},{"@type":"Organization","@id":"https:\/\/scanco.no\/#organization","name":"Scanco AS","url":"https:\/\/scanco.no\/","logo":{"@type":"ImageObject","inLanguage":"en-GB","@id":"https:\/\/scanco.no\/#\/schema\/logo\/image\/","url":"https:\/\/scanco.no\/wp-content\/uploads\/2023\/11\/scanco_logo-uten-navn.png","contentUrl":"https:\/\/scanco.no\/wp-content\/uploads\/2023\/11\/scanco_logo-uten-navn.png","width":402,"height":402,"caption":"Scanco AS"},"image":{"@id":"https:\/\/scanco.no\/#\/schema\/logo\/image\/"},"sameAs":["https:\/\/www.facebook.com\/scancoas\/","https:\/\/www.youtube.com\/@ScancoAS","https:\/\/www.linkedin.com\/company\/scanco-as\/","https:\/\/www.instagram.com\/scancoas\/"]}]}},"_links":{"self":[{"href":"https:\/\/scanco.no\/en\/wp-json\/wp\/v2\/product\/2894","targetHints":{"allow":["GET"]}}],"collection":[{"href":"https:\/\/scanco.no\/en\/wp-json\/wp\/v2\/product"}],"about":[{"href":"https:\/\/scanco.no\/en\/wp-json\/wp\/v2\/types\/product"}],"version-history":[{"count":4,"href":"https:\/\/scanco.no\/en\/wp-json\/wp\/v2\/product\/2894\/revisions"}],"predecessor-version":[{"id":3173,"href":"https:\/\/scanco.no\/en\/wp-json\/wp\/v2\/product\/2894\/revisions\/3173"}],"wp:featuredmedia":[{"embeddable":true,"href":"https:\/\/scanco.no\/en\/wp-json\/wp\/v2\/media\/1928"}],"wp:attachment":[{"href":"https:\/\/scanco.no\/en\/wp-json\/wp\/v2\/media?parent=2894"}],"wp:term":[{"taxonomy":"product_brand","embeddable":true,"href":"https:\/\/scanco.no\/en\/wp-json\/wp\/v2\/product_brand?post=2894"},{"taxonomy":"product_cat","embeddable":true,"href":"https:\/\/scanco.no\/en\/wp-json\/wp\/v2\/product_cat?post=2894"},{"taxonomy":"product_tag","embeddable":true,"href":"https:\/\/scanco.no\/en\/wp-json\/wp\/v2\/product_tag?post=2894"}],"curies":[{"name":"wp","href":"https:\/\/api.w.org\/{rel}","templated":true}]}}