{"id":2905,"date":"2024-08-27T11:58:50","date_gmt":"2024-08-27T09:58:50","guid":{"rendered":"https:\/\/scanco.no\/?post_type=product&#038;p=2905"},"modified":"2025-01-08T14:56:02","modified_gmt":"2025-01-08T13:56:02","slug":"bremseband-og-clutchbelegg-for-industrielle-bruksomrader","status":"publish","type":"product","link":"https:\/\/scanco.no\/en\/butikk\/produkter\/bremseband-og-clutchbelegg-for-industrielle-bruksomrader\/","title":{"rendered":"Brake bands and clutch linings for industrial applications"},"content":{"rendered":"<p><strong>With many years of experience in the repair and supply of brakes, brake bands and clutch linings<\/strong>, Scanco AS has built a solid reputation in various industrial sectors. Our expertise includes everything from winches and cranes to elevators and other heavy equipment, where quality and operational reliability are in focus.<\/p>\n<h4><\/h4>\n<h4>Extensive stock and quality products<\/h4>\n<p>We maintain a wide range of brake bands, clutch linings and brake discs in several thicknesses and qualities. This allows us to quickly deliver the necessary parts to our customers, regardless of industry. The products can also be customized to specific needs, so that they cover both standard and more demanding applications.<\/p>\n<h4><\/h4>\n<h4>Repair and relining<\/h4>\n<p>Scanco AS specializes in repairing and relining brake arches, brake shoes and clutches in various sizes. By choosing our services, you can extend the life of existing parts, while ensuring smooth and stable operation. We use only premium materials, which gives optimal results both in the short and long term.<\/p>\n<h4><\/h4>\n<h4>Do-it-yourself?<\/h4>\n<p>For those of you who prefer to do the work yourself, we offer products in the form of rolls and sheets. We also have all the accessories, such as glue, screws and rivets. This makes it easy to carry out repairs or maintenance yourself, without having to compromise on quality.<\/p>\n<h4><\/h4>\n<h4>Tailor-made solutions<\/h4>\n<p>At Scanco AS, no request is too big or too small. We can customize products to your unique specifications and ensure you get the best solution for your operation. Our goal is always to deliver quality products and expertise that give you increased operational reliability and less downtime.<\/p>\n<p><a href=\"https:\/\/scanco.no\/en\/kontakt-oss\/\"><strong>Get in touch today<\/strong><\/a> for a no-obligation quote, or to hear more about how we can help you with brakes, brake bands and clutch linings tailored to your needs.<\/p>","protected":false},"excerpt":{"rendered":"<ul>\n<li><span class=\"elementor-icon-list-text\">Large stock<\/span><\/li>\n<li><span class=\"elementor-icon-list-text\">Long experience<\/span><\/li>\n<li><span class=\"elementor-icon-list-text\">Adapted to the customer&#039;s needs<\/span><\/li>\n<li><span class=\"elementor-icon-list-text\">Fast delivery!<\/span><\/li>\n<\/ul>","protected":false},"featured_media":2240,"template":"","meta":{"_monsterinsights_skip_tracking":false,"_monsterinsights_sitenote_active":false,"_monsterinsights_sitenote_note":"","_monsterinsights_sitenote_category":0,"site-sidebar-layout":"default","site-content-layout":"","ast-site-content-layout":"default","site-content-style":"default","site-sidebar-style":"default","ast-global-header-display":"","ast-banner-title-visibility":"","ast-main-header-display":"","ast-hfb-above-header-display":"","ast-hfb-below-header-display":"","ast-hfb-mobile-header-display":"","site-post-title":"","ast-breadcrumbs-content":"","ast-featured-img":"","footer-sml-layout":"","ast-disable-related-posts":"","theme-transparent-header-meta":"default","adv-header-id-meta":"","stick-header-meta":"","header-above-stick-meta":"","header-main-stick-meta":"","header-below-stick-meta":"","astra-migrate-meta-layouts":"set","ast-page-background-enabled":"default","ast-page-background-meta":{"desktop":{"background-color":"var(--ast-global-color-4)","background-image":"","background-repeat":"repeat","background-position":"center center","background-size":"auto","background-attachment":"scroll","background-type":"","background-media":"","overlay-type":"","overlay-color":"","overlay-opacity":"","overlay-gradient":""},"tablet":{"background-color":"","background-image":"","background-repeat":"repeat","background-position":"center center","background-size":"auto","background-attachment":"scroll","background-type":"","background-media":"","overlay-type":"","overlay-color":"","overlay-opacity":"","overlay-gradient":""},"mobile":{"background-color":"","background-image":"","background-repeat":"repeat","background-position":"center center","background-size":"auto","background-attachment":"scroll","background-type":"","background-media":"","overlay-type":"","overlay-color":"","overlay-opacity":"","overlay-gradient":""}},"ast-content-background-meta":{"desktop":{"background-color":"var(--ast-global-color-5)","background-image":"","background-repeat":"repeat","background-position":"center center","background-size":"auto","background-attachment":"scroll","background-type":"","background-media":"","overlay-type":"","overlay-color":"","overlay-opacity":"","overlay-gradient":""},"tablet":{"background-color":"var(--ast-global-color-5)","background-image":"","background-repeat":"repeat","background-position":"center center","background-size":"auto","background-attachment":"scroll","background-type":"","background-media":"","overlay-type":"","overlay-color":"","overlay-opacity":"","overlay-gradient":""},"mobile":{"background-color":"var(--ast-global-color-5)","background-image":"","background-repeat":"repeat","background-position":"center center","background-size":"auto","background-attachment":"scroll","background-type":"","background-media":"","overlay-type":"","overlay-color":"","overlay-opacity":"","overlay-gradient":""}}},"product_brand":[],"product_cat":[31],"product_tag":[],"class_list":{"0":"post-2905","1":"product","2":"type-product","3":"status-publish","4":"has-post-thumbnail","6":"product_cat-produkter","7":"desktop-align-center","8":"tablet-align-left","9":"mobile-align-left","10":"ast-product-gallery-layout-horizontal-slider","11":"ast-magnify-disabled","12":"ast-product-tabs-layout-horizontal","14":"first","15":"instock","16":"shipping-taxable","17":"product-type-simple"},"yoast_head":"<!-- This site is optimized with the Yoast SEO Premium plugin v26.8 (Yoast SEO v26.8) - https:\/\/yoast.com\/product\/yoast-seo-premium-wordpress\/ -->\n<title>Bremseb\u00e5nd og clutchbelegg for industrielle bruksomr\u00e5der | Scanco AS<\/title>\n<meta name=\"description\" content=\"Bremseb\u00e5nd, bremseplater og clutchbelegg i ulike tykkelser og kvaliteter. Vi hjelper deg med \u00e5 finne riktig produkt til din applikasjon.\" \/>\n<meta name=\"robots\" content=\"index, follow, max-snippet:-1, max-image-preview:large, max-video-preview:-1\" \/>\n<link rel=\"canonical\" href=\"https:\/\/scanco.no\/en\/butikk\/produkter\/bremseband-og-clutchbelegg-for-industrielle-bruksomrader\/\" \/>\n<meta property=\"og:locale\" content=\"en_GB\" \/>\n<meta property=\"og:type\" content=\"article\" \/>\n<meta property=\"og:title\" content=\"Bremseb\u00e5nd og clutchbelegg for industrielle bruksomr\u00e5der\" \/>\n<meta property=\"og:description\" content=\"Bremseb\u00e5nd, bremseplater og clutchbelegg i ulike tykkelser og kvaliteter. Vi hjelper deg med \u00e5 finne riktig produkt til din applikasjon.\" \/>\n<meta property=\"og:url\" content=\"https:\/\/scanco.no\/en\/butikk\/produkter\/bremseband-og-clutchbelegg-for-industrielle-bruksomrader\/\" \/>\n<meta property=\"og:site_name\" content=\"Scanco AS\" \/>\n<meta property=\"article:publisher\" content=\"https:\/\/www.facebook.com\/scancoas\/\" \/>\n<meta property=\"article:modified_time\" content=\"2025-01-08T13:56:02+00:00\" \/>\n<meta property=\"og:image\" content=\"https:\/\/scanco.no\/wp-content\/uploads\/2024\/02\/20240109_102942735_iOS-scaled.jpg\" \/>\n\t<meta property=\"og:image:width\" content=\"2560\" \/>\n\t<meta property=\"og:image:height\" content=\"1920\" \/>\n\t<meta property=\"og:image:type\" content=\"image\/jpeg\" \/>\n<meta name=\"twitter:card\" content=\"summary_large_image\" \/>\n<meta name=\"twitter:label1\" content=\"Estimated reading time\" \/>\n\t<meta name=\"twitter:data1\" content=\"2 minutes\" \/>\n<script type=\"application\/ld+json\" class=\"yoast-schema-graph\">{\"@context\":\"https:\/\/schema.org\",\"@graph\":[{\"@type\":\"WebPage\",\"@id\":\"https:\/\/scanco.no\/butikk\/produkter\/bremseband-og-clutchbelegg-for-industrielle-bruksomrader\/\",\"url\":\"https:\/\/scanco.no\/butikk\/produkter\/bremseband-og-clutchbelegg-for-industrielle-bruksomrader\/\",\"name\":\"Bremseb\u00e5nd og clutchbelegg for industrielle bruksomr\u00e5der | Scanco AS\",\"isPartOf\":{\"@id\":\"https:\/\/scanco.no\/#website\"},\"primaryImageOfPage\":{\"@id\":\"https:\/\/scanco.no\/butikk\/produkter\/bremseband-og-clutchbelegg-for-industrielle-bruksomrader\/#primaryimage\"},\"image\":{\"@id\":\"https:\/\/scanco.no\/butikk\/produkter\/bremseband-og-clutchbelegg-for-industrielle-bruksomrader\/#primaryimage\"},\"thumbnailUrl\":\"https:\/\/scanco.no\/wp-content\/uploads\/2024\/02\/20240109_102942735_iOS-scaled.jpg\",\"datePublished\":\"2024-08-27T09:58:50+00:00\",\"dateModified\":\"2025-01-08T13:56:02+00:00\",\"description\":\"Bremseb\u00e5nd, bremseplater og clutchbelegg i ulike tykkelser og kvaliteter. Vi hjelper deg med \u00e5 finne riktig produkt til din applikasjon.\",\"breadcrumb\":{\"@id\":\"https:\/\/scanco.no\/butikk\/produkter\/bremseband-og-clutchbelegg-for-industrielle-bruksomrader\/#breadcrumb\"},\"inLanguage\":\"en-GB\",\"potentialAction\":[{\"@type\":\"ReadAction\",\"target\":[\"https:\/\/scanco.no\/butikk\/produkter\/bremseband-og-clutchbelegg-for-industrielle-bruksomrader\/\"]}]},{\"@type\":\"ImageObject\",\"inLanguage\":\"en-GB\",\"@id\":\"https:\/\/scanco.no\/butikk\/produkter\/bremseband-og-clutchbelegg-for-industrielle-bruksomrader\/#primaryimage\",\"url\":\"https:\/\/scanco.no\/wp-content\/uploads\/2024\/02\/20240109_102942735_iOS-scaled.jpg\",\"contentUrl\":\"https:\/\/scanco.no\/wp-content\/uploads\/2024\/02\/20240109_102942735_iOS-scaled.jpg\",\"width\":2560,\"height\":1920,\"caption\":\"bremseb\u00e5nd og clutchbelegg\"},{\"@type\":\"BreadcrumbList\",\"@id\":\"https:\/\/scanco.no\/butikk\/produkter\/bremseband-og-clutchbelegg-for-industrielle-bruksomrader\/#breadcrumb\",\"itemListElement\":[{\"@type\":\"ListItem\",\"position\":1,\"name\":\"Hjem\",\"item\":\"https:\/\/scanco.no\/\"},{\"@type\":\"ListItem\",\"position\":2,\"name\":\"Produkter\",\"item\":\"https:\/\/scanco.no\/shop\/\"},{\"@type\":\"ListItem\",\"position\":3,\"name\":\"Bremseb\u00e5nd og clutchbelegg for industrielle bruksomr\u00e5der\"}]},{\"@type\":\"WebSite\",\"@id\":\"https:\/\/scanco.no\/#website\",\"url\":\"https:\/\/scanco.no\/\",\"name\":\"Scanco AS\",\"description\":\"\",\"publisher\":{\"@id\":\"https:\/\/scanco.no\/#organization\"},\"potentialAction\":[{\"@type\":\"SearchAction\",\"target\":{\"@type\":\"EntryPoint\",\"urlTemplate\":\"https:\/\/scanco.no\/?s={search_term_string}\"},\"query-input\":{\"@type\":\"PropertyValueSpecification\",\"valueRequired\":true,\"valueName\":\"search_term_string\"}}],\"inLanguage\":\"en-GB\"},{\"@type\":\"Organization\",\"@id\":\"https:\/\/scanco.no\/#organization\",\"name\":\"Scanco AS\",\"url\":\"https:\/\/scanco.no\/\",\"logo\":{\"@type\":\"ImageObject\",\"inLanguage\":\"en-GB\",\"@id\":\"https:\/\/scanco.no\/#\/schema\/logo\/image\/\",\"url\":\"https:\/\/scanco.no\/wp-content\/uploads\/2023\/11\/scanco_logo-uten-navn.png\",\"contentUrl\":\"https:\/\/scanco.no\/wp-content\/uploads\/2023\/11\/scanco_logo-uten-navn.png\",\"width\":402,\"height\":402,\"caption\":\"Scanco AS\"},\"image\":{\"@id\":\"https:\/\/scanco.no\/#\/schema\/logo\/image\/\"},\"sameAs\":[\"https:\/\/www.facebook.com\/scancoas\/\",\"https:\/\/www.youtube.com\/@ScancoAS\",\"https:\/\/www.linkedin.com\/company\/scanco-as\/\",\"https:\/\/www.instagram.com\/scancoas\/\"]}]}<\/script>\n<!-- \/ Yoast SEO Premium plugin. -->","yoast_head_json":{"title":"Brake bands and clutch linings for industrial applications | Scanco AS","description":"Brake bands, brake discs and clutch linings in various thicknesses and qualities. We help you find the right product for your application.","robots":{"index":"index","follow":"follow","max-snippet":"max-snippet:-1","max-image-preview":"max-image-preview:large","max-video-preview":"max-video-preview:-1"},"canonical":"https:\/\/scanco.no\/en\/butikk\/produkter\/bremseband-og-clutchbelegg-for-industrielle-bruksomrader\/","og_locale":"en_GB","og_type":"article","og_title":"Bremseb\u00e5nd og clutchbelegg for industrielle bruksomr\u00e5der","og_description":"Bremseb\u00e5nd, bremseplater og clutchbelegg i ulike tykkelser og kvaliteter. Vi hjelper deg med \u00e5 finne riktig produkt til din applikasjon.","og_url":"https:\/\/scanco.no\/en\/butikk\/produkter\/bremseband-og-clutchbelegg-for-industrielle-bruksomrader\/","og_site_name":"Scanco AS","article_publisher":"https:\/\/www.facebook.com\/scancoas\/","article_modified_time":"2025-01-08T13:56:02+00:00","og_image":[{"width":2560,"height":1920,"url":"https:\/\/scanco.no\/wp-content\/uploads\/2024\/02\/20240109_102942735_iOS-scaled.jpg","type":"image\/jpeg"}],"twitter_card":"summary_large_image","twitter_misc":{"Estimated reading time":"2 minutes"},"schema":{"@context":"https:\/\/schema.org","@graph":[{"@type":"WebPage","@id":"https:\/\/scanco.no\/butikk\/produkter\/bremseband-og-clutchbelegg-for-industrielle-bruksomrader\/","url":"https:\/\/scanco.no\/butikk\/produkter\/bremseband-og-clutchbelegg-for-industrielle-bruksomrader\/","name":"Brake bands and clutch linings for industrial applications | Scanco AS","isPartOf":{"@id":"https:\/\/scanco.no\/#website"},"primaryImageOfPage":{"@id":"https:\/\/scanco.no\/butikk\/produkter\/bremseband-og-clutchbelegg-for-industrielle-bruksomrader\/#primaryimage"},"image":{"@id":"https:\/\/scanco.no\/butikk\/produkter\/bremseband-og-clutchbelegg-for-industrielle-bruksomrader\/#primaryimage"},"thumbnailUrl":"https:\/\/scanco.no\/wp-content\/uploads\/2024\/02\/20240109_102942735_iOS-scaled.jpg","datePublished":"2024-08-27T09:58:50+00:00","dateModified":"2025-01-08T13:56:02+00:00","description":"Brake bands, brake discs and clutch linings in various thicknesses and qualities. We help you find the right product for your application.","breadcrumb":{"@id":"https:\/\/scanco.no\/butikk\/produkter\/bremseband-og-clutchbelegg-for-industrielle-bruksomrader\/#breadcrumb"},"inLanguage":"en-GB","potentialAction":[{"@type":"ReadAction","target":["https:\/\/scanco.no\/butikk\/produkter\/bremseband-og-clutchbelegg-for-industrielle-bruksomrader\/"]}]},{"@type":"ImageObject","inLanguage":"en-GB","@id":"https:\/\/scanco.no\/butikk\/produkter\/bremseband-og-clutchbelegg-for-industrielle-bruksomrader\/#primaryimage","url":"https:\/\/scanco.no\/wp-content\/uploads\/2024\/02\/20240109_102942735_iOS-scaled.jpg","contentUrl":"https:\/\/scanco.no\/wp-content\/uploads\/2024\/02\/20240109_102942735_iOS-scaled.jpg","width":2560,"height":1920,"caption":"bremseb\u00e5nd og clutchbelegg"},{"@type":"BreadcrumbList","@id":"https:\/\/scanco.no\/butikk\/produkter\/bremseband-og-clutchbelegg-for-industrielle-bruksomrader\/#breadcrumb","itemListElement":[{"@type":"ListItem","position":1,"name":"Hjem","item":"https:\/\/scanco.no\/"},{"@type":"ListItem","position":2,"name":"Produkter","item":"https:\/\/scanco.no\/shop\/"},{"@type":"ListItem","position":3,"name":"Bremseb\u00e5nd og clutchbelegg for industrielle bruksomr\u00e5der"}]},{"@type":"WebSite","@id":"https:\/\/scanco.no\/#website","url":"https:\/\/scanco.no\/","name":"Scanco AS","description":"","publisher":{"@id":"https:\/\/scanco.no\/#organization"},"potentialAction":[{"@type":"SearchAction","target":{"@type":"EntryPoint","urlTemplate":"https:\/\/scanco.no\/?s={search_term_string}"},"query-input":{"@type":"PropertyValueSpecification","valueRequired":true,"valueName":"search_term_string"}}],"inLanguage":"en-GB"},{"@type":"Organization","@id":"https:\/\/scanco.no\/#organization","name":"Scanco AS","url":"https:\/\/scanco.no\/","logo":{"@type":"ImageObject","inLanguage":"en-GB","@id":"https:\/\/scanco.no\/#\/schema\/logo\/image\/","url":"https:\/\/scanco.no\/wp-content\/uploads\/2023\/11\/scanco_logo-uten-navn.png","contentUrl":"https:\/\/scanco.no\/wp-content\/uploads\/2023\/11\/scanco_logo-uten-navn.png","width":402,"height":402,"caption":"Scanco AS"},"image":{"@id":"https:\/\/scanco.no\/#\/schema\/logo\/image\/"},"sameAs":["https:\/\/www.facebook.com\/scancoas\/","https:\/\/www.youtube.com\/@ScancoAS","https:\/\/www.linkedin.com\/company\/scanco-as\/","https:\/\/www.instagram.com\/scancoas\/"]}]}},"_links":{"self":[{"href":"https:\/\/scanco.no\/en\/wp-json\/wp\/v2\/product\/2905","targetHints":{"allow":["GET"]}}],"collection":[{"href":"https:\/\/scanco.no\/en\/wp-json\/wp\/v2\/product"}],"about":[{"href":"https:\/\/scanco.no\/en\/wp-json\/wp\/v2\/types\/product"}],"version-history":[{"count":4,"href":"https:\/\/scanco.no\/en\/wp-json\/wp\/v2\/product\/2905\/revisions"}],"predecessor-version":[{"id":3509,"href":"https:\/\/scanco.no\/en\/wp-json\/wp\/v2\/product\/2905\/revisions\/3509"}],"wp:featuredmedia":[{"embeddable":true,"href":"https:\/\/scanco.no\/en\/wp-json\/wp\/v2\/media\/2240"}],"wp:attachment":[{"href":"https:\/\/scanco.no\/en\/wp-json\/wp\/v2\/media?parent=2905"}],"wp:term":[{"taxonomy":"product_brand","embeddable":true,"href":"https:\/\/scanco.no\/en\/wp-json\/wp\/v2\/product_brand?post=2905"},{"taxonomy":"product_cat","embeddable":true,"href":"https:\/\/scanco.no\/en\/wp-json\/wp\/v2\/product_cat?post=2905"},{"taxonomy":"product_tag","embeddable":true,"href":"https:\/\/scanco.no\/en\/wp-json\/wp\/v2\/product_tag?post=2905"}],"curies":[{"name":"wp","href":"https:\/\/api.w.org\/{rel}","templated":true}]}}