{"id":2921,"date":"2024-08-27T12:36:08","date_gmt":"2024-08-27T10:36:08","guid":{"rendered":"https:\/\/scanco.no\/?post_type=product&#038;p=2921"},"modified":"2025-01-17T07:59:10","modified_gmt":"2025-01-17T06:59:10","slug":"festemidler","status":"publish","type":"product","link":"https:\/\/scanco.no\/en\/butikk\/produkter\/festemidler\/","title":{"rendered":"Fasteners"},"content":{"rendered":"<p><strong>Scanco AS<\/strong> offers a wide range of fasteners, including 2-component adhesives, screws, bolts and rivets. Our products are available in several strength classes and in various special materials, so you can find the optimal solution for your projects. We also ensure fast delivery, so you avoid unnecessary downtime.<\/p>\n<h4><\/h4>\n<h4>Large selection of stainless steel<\/h4>\n<p>Our stainless steel fasteners come in grades A1 to A5. They meet important standards such as DIN, EN, ISO and WASI internal guidelines. This provides confidence that the products are of high quality and can withstand demanding conditions in a variety of industries.<\/p>\n<h4><\/h4>\n<h4>Why choose our products?<\/h4>\n<ul>\n<li><strong>Wide selection:<\/strong> We offer a comprehensive range of fasteners, from adhesives to bolts and rivets.<\/li>\n<li><strong>Quality and reliability:<\/strong> Manufactured to strict standards for long life<\/li>\n<li><strong>Expertise:<\/strong> Many years of experience mean we can guide you to the right solution.<\/li>\n<li><strong>Fast delivery:<\/strong> Avoid costly downtime with our efficient logistics<\/li>\n<\/ul>\n<h4><\/h4>\n<h4>Tailor-made solutions<\/h4>\n<p>We know that different projects require different specifications. That&#039;s why we are happy to help you find the right fasteners based on load, environmental requirements and industry standards. Whether you work in the construction sector, industrial manufacturing or offshore, we can offer quality products that provide stable and secure joints.<\/p>\n<p><a href=\"https:\/\/scanco.no\/en\/kontakt-oss\/\"><strong>Contact us today<\/strong><\/a> for a non-binding conversation about which fasteners are best suited to your project. Together we will find solutions that meet the requirements for quality, durability and cost-effectiveness. When you choose fasteners from Scanco AS, you invest in safety and long-lasting results.<\/p>","protected":false},"excerpt":{"rendered":"<ul>\n<li><span class=\"elementor-icon-list-text\">Large selection of fastening products<\/span><\/li>\n<li><span class=\"elementor-icon-list-text\">2-component glue<\/span><\/li>\n<li><span class=\"elementor-icon-list-text\">Screws and bolts<\/span><\/li>\n<li><span class=\"elementor-icon-list-text\">Rivets<\/span><\/li>\n<li><span class=\"elementor-icon-list-text\">Fast delivery!<\/span><\/li>\n<\/ul>","protected":false},"featured_media":2307,"template":"","meta":{"_monsterinsights_skip_tracking":false,"_monsterinsights_sitenote_active":false,"_monsterinsights_sitenote_note":"","_monsterinsights_sitenote_category":0,"site-sidebar-layout":"default","site-content-layout":"","ast-site-content-layout":"default","site-content-style":"default","site-sidebar-style":"default","ast-global-header-display":"","ast-banner-title-visibility":"","ast-main-header-display":"","ast-hfb-above-header-display":"","ast-hfb-below-header-display":"","ast-hfb-mobile-header-display":"","site-post-title":"","ast-breadcrumbs-content":"","ast-featured-img":"","footer-sml-layout":"","ast-disable-related-posts":"","theme-transparent-header-meta":"default","adv-header-id-meta":"","stick-header-meta":"","header-above-stick-meta":"","header-main-stick-meta":"","header-below-stick-meta":"","astra-migrate-meta-layouts":"set","ast-page-background-enabled":"default","ast-page-background-meta":{"desktop":{"background-color":"var(--ast-global-color-4)","background-image":"","background-repeat":"repeat","background-position":"center center","background-size":"auto","background-attachment":"scroll","background-type":"","background-media":"","overlay-type":"","overlay-color":"","overlay-opacity":"","overlay-gradient":""},"tablet":{"background-color":"","background-image":"","background-repeat":"repeat","background-position":"center center","background-size":"auto","background-attachment":"scroll","background-type":"","background-media":"","overlay-type":"","overlay-color":"","overlay-opacity":"","overlay-gradient":""},"mobile":{"background-color":"","background-image":"","background-repeat":"repeat","background-position":"center center","background-size":"auto","background-attachment":"scroll","background-type":"","background-media":"","overlay-type":"","overlay-color":"","overlay-opacity":"","overlay-gradient":""}},"ast-content-background-meta":{"desktop":{"background-color":"var(--ast-global-color-5)","background-image":"","background-repeat":"repeat","background-position":"center center","background-size":"auto","background-attachment":"scroll","background-type":"","background-media":"","overlay-type":"","overlay-color":"","overlay-opacity":"","overlay-gradient":""},"tablet":{"background-color":"var(--ast-global-color-5)","background-image":"","background-repeat":"repeat","background-position":"center center","background-size":"auto","background-attachment":"scroll","background-type":"","background-media":"","overlay-type":"","overlay-color":"","overlay-opacity":"","overlay-gradient":""},"mobile":{"background-color":"var(--ast-global-color-5)","background-image":"","background-repeat":"repeat","background-position":"center center","background-size":"auto","background-attachment":"scroll","background-type":"","background-media":"","overlay-type":"","overlay-color":"","overlay-opacity":"","overlay-gradient":""}}},"product_brand":[],"product_cat":[31],"product_tag":[],"class_list":{"0":"post-2921","1":"product","2":"type-product","3":"status-publish","4":"has-post-thumbnail","6":"product_cat-produkter","7":"desktop-align-center","8":"tablet-align-left","9":"mobile-align-left","10":"ast-product-gallery-layout-horizontal-slider","11":"ast-product-gallery-with-no-image","12":"ast-magnify-disabled","13":"ast-product-tabs-layout-horizontal","15":"first","16":"instock","17":"shipping-taxable","18":"product-type-simple"},"yoast_head":"<!-- This site is optimized with the Yoast SEO Premium plugin v26.8 (Yoast SEO v26.8) - https:\/\/yoast.com\/product\/yoast-seo-premium-wordpress\/ -->\n<title>Festemidler | Scanco AS<\/title>\n<meta name=\"description\" content=\"Finn festemidler i rustfritt st\u00e5l hos Scanco AS. Alle styrkeklasser, spesialmaterialer og standarder. Kontakt oss for veiledning og p\u00e5litelige l\u00f8sninger\" \/>\n<meta name=\"robots\" content=\"index, follow, max-snippet:-1, max-image-preview:large, max-video-preview:-1\" \/>\n<link rel=\"canonical\" href=\"https:\/\/scanco.no\/en\/butikk\/produkter\/festemidler\/\" \/>\n<meta property=\"og:locale\" content=\"en_GB\" \/>\n<meta property=\"og:type\" content=\"article\" \/>\n<meta property=\"og:title\" content=\"Festemidler\" \/>\n<meta property=\"og:description\" content=\"Finn festemidler i rustfritt st\u00e5l hos Scanco AS. Alle styrkeklasser, spesialmaterialer og standarder. Kontakt oss for veiledning og p\u00e5litelige l\u00f8sninger\" \/>\n<meta property=\"og:url\" content=\"https:\/\/scanco.no\/en\/butikk\/produkter\/festemidler\/\" \/>\n<meta property=\"og:site_name\" content=\"Scanco AS\" \/>\n<meta property=\"article:publisher\" content=\"https:\/\/www.facebook.com\/scancoas\/\" \/>\n<meta property=\"article:modified_time\" content=\"2025-01-17T06:59:10+00:00\" \/>\n<meta property=\"og:image\" content=\"https:\/\/scanco.no\/wp-content\/uploads\/2024\/02\/20240209_130633169_iOS-scaled.jpg\" \/>\n\t<meta property=\"og:image:width\" content=\"2560\" \/>\n\t<meta property=\"og:image:height\" content=\"1920\" \/>\n\t<meta property=\"og:image:type\" content=\"image\/jpeg\" \/>\n<meta name=\"twitter:card\" content=\"summary_large_image\" \/>\n<meta name=\"twitter:label1\" content=\"Estimated reading time\" \/>\n\t<meta name=\"twitter:data1\" content=\"2 minutes\" \/>\n<script type=\"application\/ld+json\" class=\"yoast-schema-graph\">{\"@context\":\"https:\/\/schema.org\",\"@graph\":[{\"@type\":\"WebPage\",\"@id\":\"https:\/\/scanco.no\/butikk\/produkter\/festemidler\/\",\"url\":\"https:\/\/scanco.no\/butikk\/produkter\/festemidler\/\",\"name\":\"Festemidler | Scanco AS\",\"isPartOf\":{\"@id\":\"https:\/\/scanco.no\/#website\"},\"primaryImageOfPage\":{\"@id\":\"https:\/\/scanco.no\/butikk\/produkter\/festemidler\/#primaryimage\"},\"image\":{\"@id\":\"https:\/\/scanco.no\/butikk\/produkter\/festemidler\/#primaryimage\"},\"thumbnailUrl\":\"https:\/\/scanco.no\/wp-content\/uploads\/2024\/02\/20240209_130633169_iOS-scaled.jpg\",\"datePublished\":\"2024-08-27T10:36:08+00:00\",\"dateModified\":\"2025-01-17T06:59:10+00:00\",\"description\":\"Finn festemidler i rustfritt st\u00e5l hos Scanco AS. Alle styrkeklasser, spesialmaterialer og standarder. Kontakt oss for veiledning og p\u00e5litelige l\u00f8sninger\",\"breadcrumb\":{\"@id\":\"https:\/\/scanco.no\/butikk\/produkter\/festemidler\/#breadcrumb\"},\"inLanguage\":\"en-GB\",\"potentialAction\":[{\"@type\":\"ReadAction\",\"target\":[\"https:\/\/scanco.no\/butikk\/produkter\/festemidler\/\"]}]},{\"@type\":\"ImageObject\",\"inLanguage\":\"en-GB\",\"@id\":\"https:\/\/scanco.no\/butikk\/produkter\/festemidler\/#primaryimage\",\"url\":\"https:\/\/scanco.no\/wp-content\/uploads\/2024\/02\/20240209_130633169_iOS-scaled.jpg\",\"contentUrl\":\"https:\/\/scanco.no\/wp-content\/uploads\/2024\/02\/20240209_130633169_iOS-scaled.jpg\",\"width\":2560,\"height\":1920,\"caption\":\"Festemidler \u2013 Scanco AS\"},{\"@type\":\"BreadcrumbList\",\"@id\":\"https:\/\/scanco.no\/butikk\/produkter\/festemidler\/#breadcrumb\",\"itemListElement\":[{\"@type\":\"ListItem\",\"position\":1,\"name\":\"Hjem\",\"item\":\"https:\/\/scanco.no\/\"},{\"@type\":\"ListItem\",\"position\":2,\"name\":\"Produkter\",\"item\":\"https:\/\/scanco.no\/shop\/\"},{\"@type\":\"ListItem\",\"position\":3,\"name\":\"Festemidler\"}]},{\"@type\":\"WebSite\",\"@id\":\"https:\/\/scanco.no\/#website\",\"url\":\"https:\/\/scanco.no\/\",\"name\":\"Scanco AS\",\"description\":\"\",\"publisher\":{\"@id\":\"https:\/\/scanco.no\/#organization\"},\"potentialAction\":[{\"@type\":\"SearchAction\",\"target\":{\"@type\":\"EntryPoint\",\"urlTemplate\":\"https:\/\/scanco.no\/?s={search_term_string}\"},\"query-input\":{\"@type\":\"PropertyValueSpecification\",\"valueRequired\":true,\"valueName\":\"search_term_string\"}}],\"inLanguage\":\"en-GB\"},{\"@type\":\"Organization\",\"@id\":\"https:\/\/scanco.no\/#organization\",\"name\":\"Scanco AS\",\"url\":\"https:\/\/scanco.no\/\",\"logo\":{\"@type\":\"ImageObject\",\"inLanguage\":\"en-GB\",\"@id\":\"https:\/\/scanco.no\/#\/schema\/logo\/image\/\",\"url\":\"https:\/\/scanco.no\/wp-content\/uploads\/2023\/11\/scanco_logo-uten-navn.png\",\"contentUrl\":\"https:\/\/scanco.no\/wp-content\/uploads\/2023\/11\/scanco_logo-uten-navn.png\",\"width\":402,\"height\":402,\"caption\":\"Scanco AS\"},\"image\":{\"@id\":\"https:\/\/scanco.no\/#\/schema\/logo\/image\/\"},\"sameAs\":[\"https:\/\/www.facebook.com\/scancoas\/\",\"https:\/\/www.youtube.com\/@ScancoAS\",\"https:\/\/www.linkedin.com\/company\/scanco-as\/\",\"https:\/\/www.instagram.com\/scancoas\/\"]}]}<\/script>\n<!-- \/ Yoast SEO Premium plugin. -->","yoast_head_json":{"title":"Fasteners | Scanco AS","description":"Find stainless steel fasteners at Scanco AS. All strength classes, special materials and standards. Contact us for guidance and reliable solutions.","robots":{"index":"index","follow":"follow","max-snippet":"max-snippet:-1","max-image-preview":"max-image-preview:large","max-video-preview":"max-video-preview:-1"},"canonical":"https:\/\/scanco.no\/en\/butikk\/produkter\/festemidler\/","og_locale":"en_GB","og_type":"article","og_title":"Festemidler","og_description":"Finn festemidler i rustfritt st\u00e5l hos Scanco AS. Alle styrkeklasser, spesialmaterialer og standarder. Kontakt oss for veiledning og p\u00e5litelige l\u00f8sninger","og_url":"https:\/\/scanco.no\/en\/butikk\/produkter\/festemidler\/","og_site_name":"Scanco AS","article_publisher":"https:\/\/www.facebook.com\/scancoas\/","article_modified_time":"2025-01-17T06:59:10+00:00","og_image":[{"width":2560,"height":1920,"url":"https:\/\/scanco.no\/wp-content\/uploads\/2024\/02\/20240209_130633169_iOS-scaled.jpg","type":"image\/jpeg"}],"twitter_card":"summary_large_image","twitter_misc":{"Estimated reading time":"2 minutes"},"schema":{"@context":"https:\/\/schema.org","@graph":[{"@type":"WebPage","@id":"https:\/\/scanco.no\/butikk\/produkter\/festemidler\/","url":"https:\/\/scanco.no\/butikk\/produkter\/festemidler\/","name":"Fasteners | Scanco AS","isPartOf":{"@id":"https:\/\/scanco.no\/#website"},"primaryImageOfPage":{"@id":"https:\/\/scanco.no\/butikk\/produkter\/festemidler\/#primaryimage"},"image":{"@id":"https:\/\/scanco.no\/butikk\/produkter\/festemidler\/#primaryimage"},"thumbnailUrl":"https:\/\/scanco.no\/wp-content\/uploads\/2024\/02\/20240209_130633169_iOS-scaled.jpg","datePublished":"2024-08-27T10:36:08+00:00","dateModified":"2025-01-17T06:59:10+00:00","description":"Find stainless steel fasteners at Scanco AS. All strength classes, special materials and standards. Contact us for guidance and reliable solutions.","breadcrumb":{"@id":"https:\/\/scanco.no\/butikk\/produkter\/festemidler\/#breadcrumb"},"inLanguage":"en-GB","potentialAction":[{"@type":"ReadAction","target":["https:\/\/scanco.no\/butikk\/produkter\/festemidler\/"]}]},{"@type":"ImageObject","inLanguage":"en-GB","@id":"https:\/\/scanco.no\/butikk\/produkter\/festemidler\/#primaryimage","url":"https:\/\/scanco.no\/wp-content\/uploads\/2024\/02\/20240209_130633169_iOS-scaled.jpg","contentUrl":"https:\/\/scanco.no\/wp-content\/uploads\/2024\/02\/20240209_130633169_iOS-scaled.jpg","width":2560,"height":1920,"caption":"Festemidler \u2013 Scanco AS"},{"@type":"BreadcrumbList","@id":"https:\/\/scanco.no\/butikk\/produkter\/festemidler\/#breadcrumb","itemListElement":[{"@type":"ListItem","position":1,"name":"Hjem","item":"https:\/\/scanco.no\/"},{"@type":"ListItem","position":2,"name":"Produkter","item":"https:\/\/scanco.no\/shop\/"},{"@type":"ListItem","position":3,"name":"Festemidler"}]},{"@type":"WebSite","@id":"https:\/\/scanco.no\/#website","url":"https:\/\/scanco.no\/","name":"Scanco AS","description":"","publisher":{"@id":"https:\/\/scanco.no\/#organization"},"potentialAction":[{"@type":"SearchAction","target":{"@type":"EntryPoint","urlTemplate":"https:\/\/scanco.no\/?s={search_term_string}"},"query-input":{"@type":"PropertyValueSpecification","valueRequired":true,"valueName":"search_term_string"}}],"inLanguage":"en-GB"},{"@type":"Organization","@id":"https:\/\/scanco.no\/#organization","name":"Scanco AS","url":"https:\/\/scanco.no\/","logo":{"@type":"ImageObject","inLanguage":"en-GB","@id":"https:\/\/scanco.no\/#\/schema\/logo\/image\/","url":"https:\/\/scanco.no\/wp-content\/uploads\/2023\/11\/scanco_logo-uten-navn.png","contentUrl":"https:\/\/scanco.no\/wp-content\/uploads\/2023\/11\/scanco_logo-uten-navn.png","width":402,"height":402,"caption":"Scanco AS"},"image":{"@id":"https:\/\/scanco.no\/#\/schema\/logo\/image\/"},"sameAs":["https:\/\/www.facebook.com\/scancoas\/","https:\/\/www.youtube.com\/@ScancoAS","https:\/\/www.linkedin.com\/company\/scanco-as\/","https:\/\/www.instagram.com\/scancoas\/"]}]}},"_links":{"self":[{"href":"https:\/\/scanco.no\/en\/wp-json\/wp\/v2\/product\/2921","targetHints":{"allow":["GET"]}}],"collection":[{"href":"https:\/\/scanco.no\/en\/wp-json\/wp\/v2\/product"}],"about":[{"href":"https:\/\/scanco.no\/en\/wp-json\/wp\/v2\/types\/product"}],"version-history":[{"count":3,"href":"https:\/\/scanco.no\/en\/wp-json\/wp\/v2\/product\/2921\/revisions"}],"predecessor-version":[{"id":3531,"href":"https:\/\/scanco.no\/en\/wp-json\/wp\/v2\/product\/2921\/revisions\/3531"}],"wp:featuredmedia":[{"embeddable":true,"href":"https:\/\/scanco.no\/en\/wp-json\/wp\/v2\/media\/2307"}],"wp:attachment":[{"href":"https:\/\/scanco.no\/en\/wp-json\/wp\/v2\/media?parent=2921"}],"wp:term":[{"taxonomy":"product_brand","embeddable":true,"href":"https:\/\/scanco.no\/en\/wp-json\/wp\/v2\/product_brand?post=2921"},{"taxonomy":"product_cat","embeddable":true,"href":"https:\/\/scanco.no\/en\/wp-json\/wp\/v2\/product_cat?post=2921"},{"taxonomy":"product_tag","embeddable":true,"href":"https:\/\/scanco.no\/en\/wp-json\/wp\/v2\/product_tag?post=2921"}],"curies":[{"name":"wp","href":"https:\/\/api.w.org\/{rel}","templated":true}]}}