{"id":2930,"date":"2024-08-27T13:02:38","date_gmt":"2024-08-27T11:02:38","guid":{"rendered":"https:\/\/scanco.no\/?post_type=product&#038;p=2930"},"modified":"2025-01-17T07:56:16","modified_gmt":"2025-01-17T06:56:16","slug":"lyddempere-ekspansjonsbelger-og-gnistfangere","status":"publish","type":"product","link":"https:\/\/scanco.no\/en\/butikk\/produkter\/lyddempere-ekspansjonsbelger-og-gnistfangere\/","title":{"rendered":"Silencers, expansion bellows and spark arresters"},"content":{"rendered":"<h3>Mufflers, Expansion Bellows and Spark Arrester for Exhaust Systems<\/h3>\n<p>First-class solutions within exhaust systems. Explore our range of silencers, expansion bellows and spark arrestors, designed to deliver optimum performance, reliability and safety.<\/p>\n<h3><\/h3>\n<h3><\/h3>\n<h3>Our product range:<\/h3>\n<p><strong>Silencers:<\/strong>\u00a0Reduce noise and vibrations in your exhaust system with our selection of silencers. Our innovative technology ensures effective noise reduction without compromising the overall performance of the system.<\/p>\n<p><strong>Expansion bellows:<\/strong>\u00a0Protect your pipeline against thermal expansion and contraction with our expansion bellows. Made with high quality materials, they provide a reliable solution to avoid stresses and strains in the system.<\/p>\n<p><strong>Spark arrestors:<\/strong>\u00a0Safety is our priority, and our spark arrestors provide effective protection against dangerous sparks and particles. Designed to meet high standards, they ensure safer operation in potentially explosive environments.<\/p>\n<h3><\/h3>\n<p>&nbsp;<\/p>\n<h3>Advantages of our products:<\/h3>\n<ul>\n<li><strong>High Quality:<\/strong>\u00a0Our products are constructed with top quality materials for long life and reliable performance.<\/li>\n<li><strong>Tailor-made solutions:<\/strong>\u00a0Whatever your specific needs, we offer tailor-made solutions to fit your exhaust system perfectly.<\/li>\n<li><strong>Expertise and Experience:<\/strong>\u00a0With years of experience in exhaust systems, we are your reliable partner for expertise and advice.<\/li>\n<\/ul>\n<h3><\/h3>\n<p>&nbsp;<\/p>\n<h3>Areas of use:<\/h3>\n<p>Our products are ideal for a variety of applications including:<\/p>\n<ul>\n<li><strong>Industrial Facilities:<\/strong>\u00a0Optimize exhaust gas systems for industrial processes.<\/li>\n<li><strong>Power generation:<\/strong>\u00a0Ensure efficient and safe waste gas handling in power plants.<\/li>\n<li><strong>Vehicles and Transport:<\/strong>\u00a0Reduce noise and improve performance in vehicle exhaust systems.<\/li>\n<\/ul>\n<h3><\/h3>\n<p>&nbsp;<\/p>\n<h3>Contact Us Today!<\/h3>\n<p>Choose Scanco AS for reliable and advanced solutions for your exhaust system. <a href=\"https:\/\/scanco.no\/en\/kontakt-oss\/\">Get in touch<\/a> with our dedicated team today to discuss your specific requirements and find the perfect solution to meet your needs.<\/p>","protected":false},"excerpt":{"rendered":"<ul>\n<li>Various sizes in stock<\/li>\n<\/ul>","protected":false},"featured_media":1177,"template":"","meta":{"_monsterinsights_skip_tracking":false,"_monsterinsights_sitenote_active":false,"_monsterinsights_sitenote_note":"","_monsterinsights_sitenote_category":0,"site-sidebar-layout":"default","site-content-layout":"","ast-site-content-layout":"default","site-content-style":"default","site-sidebar-style":"default","ast-global-header-display":"","ast-banner-title-visibility":"","ast-main-header-display":"","ast-hfb-above-header-display":"","ast-hfb-below-header-display":"","ast-hfb-mobile-header-display":"","site-post-title":"","ast-breadcrumbs-content":"","ast-featured-img":"","footer-sml-layout":"","ast-disable-related-posts":"","theme-transparent-header-meta":"default","adv-header-id-meta":"","stick-header-meta":"","header-above-stick-meta":"","header-main-stick-meta":"","header-below-stick-meta":"","astra-migrate-meta-layouts":"set","ast-page-background-enabled":"default","ast-page-background-meta":{"desktop":{"background-color":"var(--ast-global-color-4)","background-image":"","background-repeat":"repeat","background-position":"center center","background-size":"auto","background-attachment":"scroll","background-type":"","background-media":"","overlay-type":"","overlay-color":"","overlay-opacity":"","overlay-gradient":""},"tablet":{"background-color":"","background-image":"","background-repeat":"repeat","background-position":"center center","background-size":"auto","background-attachment":"scroll","background-type":"","background-media":"","overlay-type":"","overlay-color":"","overlay-opacity":"","overlay-gradient":""},"mobile":{"background-color":"","background-image":"","background-repeat":"repeat","background-position":"center center","background-size":"auto","background-attachment":"scroll","background-type":"","background-media":"","overlay-type":"","overlay-color":"","overlay-opacity":"","overlay-gradient":""}},"ast-content-background-meta":{"desktop":{"background-color":"var(--ast-global-color-5)","background-image":"","background-repeat":"repeat","background-position":"center center","background-size":"auto","background-attachment":"scroll","background-type":"","background-media":"","overlay-type":"","overlay-color":"","overlay-opacity":"","overlay-gradient":""},"tablet":{"background-color":"var(--ast-global-color-5)","background-image":"","background-repeat":"repeat","background-position":"center center","background-size":"auto","background-attachment":"scroll","background-type":"","background-media":"","overlay-type":"","overlay-color":"","overlay-opacity":"","overlay-gradient":""},"mobile":{"background-color":"var(--ast-global-color-5)","background-image":"","background-repeat":"repeat","background-position":"center center","background-size":"auto","background-attachment":"scroll","background-type":"","background-media":"","overlay-type":"","overlay-color":"","overlay-opacity":"","overlay-gradient":""}}},"product_brand":[],"product_cat":[31],"product_tag":[],"class_list":{"0":"post-2930","1":"product","2":"type-product","3":"status-publish","4":"has-post-thumbnail","6":"product_cat-produkter","7":"desktop-align-center","8":"tablet-align-left","9":"mobile-align-left","10":"ast-product-gallery-layout-horizontal-slider","11":"ast-product-gallery-with-no-image","12":"ast-magnify-disabled","13":"ast-product-tabs-layout-horizontal","15":"first","16":"instock","17":"shipping-taxable","18":"product-type-simple"},"yoast_head":"<!-- This site is optimized with the Yoast SEO Premium plugin v26.8 (Yoast SEO v26.8) - https:\/\/yoast.com\/product\/yoast-seo-premium-wordpress\/ -->\n<title>Lyddempere, Ekspansjonsbelger og Gnistfangere | Scanco AS<\/title>\n<meta name=\"description\" content=\"F\u00f8rteklasses l\u00f8sninger innen avgasssystemer. stort utvalg av lyddempere, ekspansjonsbelger og gnistfangere, designet for \u00e5 levere optimal ytelse\" \/>\n<meta name=\"robots\" content=\"index, follow, max-snippet:-1, max-image-preview:large, max-video-preview:-1\" \/>\n<link rel=\"canonical\" href=\"https:\/\/scanco.no\/en\/butikk\/produkter\/lyddempere-ekspansjonsbelger-og-gnistfangere\/\" \/>\n<meta property=\"og:locale\" content=\"en_GB\" \/>\n<meta property=\"og:type\" content=\"article\" \/>\n<meta property=\"og:title\" content=\"Lyddempere, Ekspansjonsbelger og Gnistfangere\" \/>\n<meta property=\"og:description\" content=\"F\u00f8rteklasses l\u00f8sninger innen avgasssystemer. stort utvalg av lyddempere, ekspansjonsbelger og gnistfangere, designet for \u00e5 levere optimal ytelse\" \/>\n<meta property=\"og:url\" content=\"https:\/\/scanco.no\/en\/butikk\/produkter\/lyddempere-ekspansjonsbelger-og-gnistfangere\/\" \/>\n<meta property=\"og:site_name\" content=\"Scanco AS\" \/>\n<meta property=\"article:publisher\" content=\"https:\/\/www.facebook.com\/scancoas\/\" \/>\n<meta property=\"article:modified_time\" content=\"2025-01-17T06:56:16+00:00\" \/>\n<meta property=\"og:image\" content=\"https:\/\/scanco.no\/wp-content\/uploads\/2023\/12\/20231219_092646715_iOS-scaled.jpg\" \/>\n\t<meta property=\"og:image:width\" content=\"2560\" \/>\n\t<meta property=\"og:image:height\" content=\"1920\" \/>\n\t<meta property=\"og:image:type\" content=\"image\/jpeg\" \/>\n<meta name=\"twitter:card\" content=\"summary_large_image\" \/>\n<meta name=\"twitter:label1\" content=\"Estimated reading time\" \/>\n\t<meta name=\"twitter:data1\" content=\"2 minutes\" \/>\n<script type=\"application\/ld+json\" class=\"yoast-schema-graph\">{\"@context\":\"https:\/\/schema.org\",\"@graph\":[{\"@type\":\"WebPage\",\"@id\":\"https:\/\/scanco.no\/butikk\/produkter\/lyddempere-ekspansjonsbelger-og-gnistfangere\/\",\"url\":\"https:\/\/scanco.no\/butikk\/produkter\/lyddempere-ekspansjonsbelger-og-gnistfangere\/\",\"name\":\"Lyddempere, Ekspansjonsbelger og Gnistfangere | Scanco AS\",\"isPartOf\":{\"@id\":\"https:\/\/scanco.no\/#website\"},\"primaryImageOfPage\":{\"@id\":\"https:\/\/scanco.no\/butikk\/produkter\/lyddempere-ekspansjonsbelger-og-gnistfangere\/#primaryimage\"},\"image\":{\"@id\":\"https:\/\/scanco.no\/butikk\/produkter\/lyddempere-ekspansjonsbelger-og-gnistfangere\/#primaryimage\"},\"thumbnailUrl\":\"https:\/\/scanco.no\/wp-content\/uploads\/2023\/12\/20231219_092646715_iOS-scaled.jpg\",\"datePublished\":\"2024-08-27T11:02:38+00:00\",\"dateModified\":\"2025-01-17T06:56:16+00:00\",\"description\":\"F\u00f8rteklasses l\u00f8sninger innen avgasssystemer. stort utvalg av lyddempere, ekspansjonsbelger og gnistfangere, designet for \u00e5 levere optimal ytelse\",\"breadcrumb\":{\"@id\":\"https:\/\/scanco.no\/butikk\/produkter\/lyddempere-ekspansjonsbelger-og-gnistfangere\/#breadcrumb\"},\"inLanguage\":\"en-GB\",\"potentialAction\":[{\"@type\":\"ReadAction\",\"target\":[\"https:\/\/scanco.no\/butikk\/produkter\/lyddempere-ekspansjonsbelger-og-gnistfangere\/\"]}]},{\"@type\":\"ImageObject\",\"inLanguage\":\"en-GB\",\"@id\":\"https:\/\/scanco.no\/butikk\/produkter\/lyddempere-ekspansjonsbelger-og-gnistfangere\/#primaryimage\",\"url\":\"https:\/\/scanco.no\/wp-content\/uploads\/2023\/12\/20231219_092646715_iOS-scaled.jpg\",\"contentUrl\":\"https:\/\/scanco.no\/wp-content\/uploads\/2023\/12\/20231219_092646715_iOS-scaled.jpg\",\"width\":2560,\"height\":1920,\"caption\":\"Lyddempere\"},{\"@type\":\"BreadcrumbList\",\"@id\":\"https:\/\/scanco.no\/butikk\/produkter\/lyddempere-ekspansjonsbelger-og-gnistfangere\/#breadcrumb\",\"itemListElement\":[{\"@type\":\"ListItem\",\"position\":1,\"name\":\"Hjem\",\"item\":\"https:\/\/scanco.no\/\"},{\"@type\":\"ListItem\",\"position\":2,\"name\":\"Produkter\",\"item\":\"https:\/\/scanco.no\/shop\/\"},{\"@type\":\"ListItem\",\"position\":3,\"name\":\"Lyddempere, Ekspansjonsbelger og Gnistfangere\"}]},{\"@type\":\"WebSite\",\"@id\":\"https:\/\/scanco.no\/#website\",\"url\":\"https:\/\/scanco.no\/\",\"name\":\"Scanco AS\",\"description\":\"\",\"publisher\":{\"@id\":\"https:\/\/scanco.no\/#organization\"},\"potentialAction\":[{\"@type\":\"SearchAction\",\"target\":{\"@type\":\"EntryPoint\",\"urlTemplate\":\"https:\/\/scanco.no\/?s={search_term_string}\"},\"query-input\":{\"@type\":\"PropertyValueSpecification\",\"valueRequired\":true,\"valueName\":\"search_term_string\"}}],\"inLanguage\":\"en-GB\"},{\"@type\":\"Organization\",\"@id\":\"https:\/\/scanco.no\/#organization\",\"name\":\"Scanco AS\",\"url\":\"https:\/\/scanco.no\/\",\"logo\":{\"@type\":\"ImageObject\",\"inLanguage\":\"en-GB\",\"@id\":\"https:\/\/scanco.no\/#\/schema\/logo\/image\/\",\"url\":\"https:\/\/scanco.no\/wp-content\/uploads\/2023\/11\/scanco_logo-uten-navn.png\",\"contentUrl\":\"https:\/\/scanco.no\/wp-content\/uploads\/2023\/11\/scanco_logo-uten-navn.png\",\"width\":402,\"height\":402,\"caption\":\"Scanco AS\"},\"image\":{\"@id\":\"https:\/\/scanco.no\/#\/schema\/logo\/image\/\"},\"sameAs\":[\"https:\/\/www.facebook.com\/scancoas\/\",\"https:\/\/www.youtube.com\/@ScancoAS\",\"https:\/\/www.linkedin.com\/company\/scanco-as\/\",\"https:\/\/www.instagram.com\/scancoas\/\"]}]}<\/script>\n<!-- \/ Yoast SEO Premium plugin. -->","yoast_head_json":{"title":"Silencers, Expansion Bellows and Spark Arrester | Scanco AS","description":"Leading-edge exhaust system solutions. Wide range of mufflers, expansion bellows and spark arresters, designed to deliver optimum performance.","robots":{"index":"index","follow":"follow","max-snippet":"max-snippet:-1","max-image-preview":"max-image-preview:large","max-video-preview":"max-video-preview:-1"},"canonical":"https:\/\/scanco.no\/en\/butikk\/produkter\/lyddempere-ekspansjonsbelger-og-gnistfangere\/","og_locale":"en_GB","og_type":"article","og_title":"Lyddempere, Ekspansjonsbelger og Gnistfangere","og_description":"F\u00f8rteklasses l\u00f8sninger innen avgasssystemer. stort utvalg av lyddempere, ekspansjonsbelger og gnistfangere, designet for \u00e5 levere optimal ytelse","og_url":"https:\/\/scanco.no\/en\/butikk\/produkter\/lyddempere-ekspansjonsbelger-og-gnistfangere\/","og_site_name":"Scanco AS","article_publisher":"https:\/\/www.facebook.com\/scancoas\/","article_modified_time":"2025-01-17T06:56:16+00:00","og_image":[{"width":2560,"height":1920,"url":"https:\/\/scanco.no\/wp-content\/uploads\/2023\/12\/20231219_092646715_iOS-scaled.jpg","type":"image\/jpeg"}],"twitter_card":"summary_large_image","twitter_misc":{"Estimated reading time":"2 minutes"},"schema":{"@context":"https:\/\/schema.org","@graph":[{"@type":"WebPage","@id":"https:\/\/scanco.no\/butikk\/produkter\/lyddempere-ekspansjonsbelger-og-gnistfangere\/","url":"https:\/\/scanco.no\/butikk\/produkter\/lyddempere-ekspansjonsbelger-og-gnistfangere\/","name":"Silencers, Expansion Bellows and Spark Arrester | Scanco AS","isPartOf":{"@id":"https:\/\/scanco.no\/#website"},"primaryImageOfPage":{"@id":"https:\/\/scanco.no\/butikk\/produkter\/lyddempere-ekspansjonsbelger-og-gnistfangere\/#primaryimage"},"image":{"@id":"https:\/\/scanco.no\/butikk\/produkter\/lyddempere-ekspansjonsbelger-og-gnistfangere\/#primaryimage"},"thumbnailUrl":"https:\/\/scanco.no\/wp-content\/uploads\/2023\/12\/20231219_092646715_iOS-scaled.jpg","datePublished":"2024-08-27T11:02:38+00:00","dateModified":"2025-01-17T06:56:16+00:00","description":"Leading-edge exhaust system solutions. Wide range of mufflers, expansion bellows and spark arresters, designed to deliver optimum performance.","breadcrumb":{"@id":"https:\/\/scanco.no\/butikk\/produkter\/lyddempere-ekspansjonsbelger-og-gnistfangere\/#breadcrumb"},"inLanguage":"en-GB","potentialAction":[{"@type":"ReadAction","target":["https:\/\/scanco.no\/butikk\/produkter\/lyddempere-ekspansjonsbelger-og-gnistfangere\/"]}]},{"@type":"ImageObject","inLanguage":"en-GB","@id":"https:\/\/scanco.no\/butikk\/produkter\/lyddempere-ekspansjonsbelger-og-gnistfangere\/#primaryimage","url":"https:\/\/scanco.no\/wp-content\/uploads\/2023\/12\/20231219_092646715_iOS-scaled.jpg","contentUrl":"https:\/\/scanco.no\/wp-content\/uploads\/2023\/12\/20231219_092646715_iOS-scaled.jpg","width":2560,"height":1920,"caption":"Lyddempere"},{"@type":"BreadcrumbList","@id":"https:\/\/scanco.no\/butikk\/produkter\/lyddempere-ekspansjonsbelger-og-gnistfangere\/#breadcrumb","itemListElement":[{"@type":"ListItem","position":1,"name":"Hjem","item":"https:\/\/scanco.no\/"},{"@type":"ListItem","position":2,"name":"Produkter","item":"https:\/\/scanco.no\/shop\/"},{"@type":"ListItem","position":3,"name":"Lyddempere, Ekspansjonsbelger og Gnistfangere"}]},{"@type":"WebSite","@id":"https:\/\/scanco.no\/#website","url":"https:\/\/scanco.no\/","name":"Scanco AS","description":"","publisher":{"@id":"https:\/\/scanco.no\/#organization"},"potentialAction":[{"@type":"SearchAction","target":{"@type":"EntryPoint","urlTemplate":"https:\/\/scanco.no\/?s={search_term_string}"},"query-input":{"@type":"PropertyValueSpecification","valueRequired":true,"valueName":"search_term_string"}}],"inLanguage":"en-GB"},{"@type":"Organization","@id":"https:\/\/scanco.no\/#organization","name":"Scanco AS","url":"https:\/\/scanco.no\/","logo":{"@type":"ImageObject","inLanguage":"en-GB","@id":"https:\/\/scanco.no\/#\/schema\/logo\/image\/","url":"https:\/\/scanco.no\/wp-content\/uploads\/2023\/11\/scanco_logo-uten-navn.png","contentUrl":"https:\/\/scanco.no\/wp-content\/uploads\/2023\/11\/scanco_logo-uten-navn.png","width":402,"height":402,"caption":"Scanco AS"},"image":{"@id":"https:\/\/scanco.no\/#\/schema\/logo\/image\/"},"sameAs":["https:\/\/www.facebook.com\/scancoas\/","https:\/\/www.youtube.com\/@ScancoAS","https:\/\/www.linkedin.com\/company\/scanco-as\/","https:\/\/www.instagram.com\/scancoas\/"]}]}},"_links":{"self":[{"href":"https:\/\/scanco.no\/en\/wp-json\/wp\/v2\/product\/2930","targetHints":{"allow":["GET"]}}],"collection":[{"href":"https:\/\/scanco.no\/en\/wp-json\/wp\/v2\/product"}],"about":[{"href":"https:\/\/scanco.no\/en\/wp-json\/wp\/v2\/types\/product"}],"version-history":[{"count":5,"href":"https:\/\/scanco.no\/en\/wp-json\/wp\/v2\/product\/2930\/revisions"}],"predecessor-version":[{"id":3530,"href":"https:\/\/scanco.no\/en\/wp-json\/wp\/v2\/product\/2930\/revisions\/3530"}],"wp:featuredmedia":[{"embeddable":true,"href":"https:\/\/scanco.no\/en\/wp-json\/wp\/v2\/media\/1177"}],"wp:attachment":[{"href":"https:\/\/scanco.no\/en\/wp-json\/wp\/v2\/media?parent=2930"}],"wp:term":[{"taxonomy":"product_brand","embeddable":true,"href":"https:\/\/scanco.no\/en\/wp-json\/wp\/v2\/product_brand?post=2930"},{"taxonomy":"product_cat","embeddable":true,"href":"https:\/\/scanco.no\/en\/wp-json\/wp\/v2\/product_cat?post=2930"},{"taxonomy":"product_tag","embeddable":true,"href":"https:\/\/scanco.no\/en\/wp-json\/wp\/v2\/product_tag?post=2930"}],"curies":[{"name":"wp","href":"https:\/\/api.w.org\/{rel}","templated":true}]}}