{"id":2935,"date":"2024-08-27T13:10:16","date_gmt":"2024-08-27T11:10:16","guid":{"rendered":"https:\/\/scanco.no\/?post_type=product&#038;p=2935"},"modified":"2025-01-17T07:52:46","modified_gmt":"2025-01-17T06:52:46","slug":"selvsmorende-lagre-og-glidelister","status":"publish","type":"product","link":"https:\/\/scanco.no\/en\/butikk\/produkter\/selvsmorende-lagre-og-glidelister\/","title":{"rendered":"Self-lubricating bearings and sliding strips"},"content":{"rendered":"<p><strong>Scanco AS<\/strong> offers a wide range of self-lubricating bearings and slide rails in composite, plastic and brass grades. We customize both finished and semi-finished products, so you can get solutions tailored to your applications. Whether you need bushings, slide rails or other load-bearing components, we are happy to help you with the right material choices and dimensions.<\/p>\n<h4><\/h4>\n<h4>Versatile applications<\/h4>\n<p>Self-lubricating bearings and sliding strips help reduce friction and wear, even under demanding conditions. This makes them suitable for everything from industrial plants and production lines to transportation and offshore applications. When you save time on maintenance and relubrication, you also increase operational reliability and overall economy.<\/p>\n<h4><\/h4>\n<h4>Large stock selection<\/h4>\n<p>We carry most grades and dimensions and can deliver quickly from our extensive inventory. If you have special requirements for shape, size or load, we can machine the products to your specifications. This ensures optimal fit and operation under the conditions you operate in.<\/p>\n<h4><\/h4>\n<h4>Advantages of self-lubricating bearings and sliding strips<\/h4>\n<ul>\n<li><strong>Low friction:<\/strong> Reduces energy consumption and wear and tear<\/li>\n<li><strong>Less maintenance:<\/strong> Less need for lubrication means easier operation<\/li>\n<li><strong>High wear resistance:<\/strong> Suitable for applications with heavy loads<\/li>\n<li><strong>Broad material portfolio:<\/strong> Composite, plastic and brass grades for different needs<\/li>\n<\/ul>\n<h4><\/h4>\n<h4>Why choose Scanco AS?<\/h4>\n<p>We have extensive experience in bearing and sliding solutions, and are known for high quality and precise deliveries. Our competent team helps you find the right material and design, based on load, environment and industry requirements. When you choose <strong>Scanco AS<\/strong> As a supplier, you get reliable products and good follow-up, regardless of the scope of the project.<\/p>\n<p><a href=\"https:\/\/scanco.no\/en\/kontakt-oss\/\"><strong>Contact us<\/strong><\/a> We would be happy to discuss how our self-lubricating bearings and sliding strips can optimize the operation of your business. We provide tailor-made solutions that improve performance and operational reliability \u2013 year after year.<\/p>","protected":false},"excerpt":{"rendered":"<ul>\n<li>Self-lubricating sliding bearings and sliding strips<\/li>\n<li>High wear resistance<\/li>\n<li>Composite, plastic and brass grades for different needs<\/li>\n<li>Large stock<\/li>\n<li>Fast delivery<\/li>\n<\/ul>","protected":false},"featured_media":1269,"template":"","meta":{"_monsterinsights_skip_tracking":false,"_monsterinsights_sitenote_active":false,"_monsterinsights_sitenote_note":"","_monsterinsights_sitenote_category":0,"site-sidebar-layout":"default","site-content-layout":"","ast-site-content-layout":"default","site-content-style":"default","site-sidebar-style":"default","ast-global-header-display":"","ast-banner-title-visibility":"","ast-main-header-display":"","ast-hfb-above-header-display":"","ast-hfb-below-header-display":"","ast-hfb-mobile-header-display":"","site-post-title":"","ast-breadcrumbs-content":"","ast-featured-img":"","footer-sml-layout":"","ast-disable-related-posts":"","theme-transparent-header-meta":"default","adv-header-id-meta":"","stick-header-meta":"","header-above-stick-meta":"","header-main-stick-meta":"","header-below-stick-meta":"","astra-migrate-meta-layouts":"set","ast-page-background-enabled":"default","ast-page-background-meta":{"desktop":{"background-color":"var(--ast-global-color-4)","background-image":"","background-repeat":"repeat","background-position":"center center","background-size":"auto","background-attachment":"scroll","background-type":"","background-media":"","overlay-type":"","overlay-color":"","overlay-opacity":"","overlay-gradient":""},"tablet":{"background-color":"","background-image":"","background-repeat":"repeat","background-position":"center center","background-size":"auto","background-attachment":"scroll","background-type":"","background-media":"","overlay-type":"","overlay-color":"","overlay-opacity":"","overlay-gradient":""},"mobile":{"background-color":"","background-image":"","background-repeat":"repeat","background-position":"center center","background-size":"auto","background-attachment":"scroll","background-type":"","background-media":"","overlay-type":"","overlay-color":"","overlay-opacity":"","overlay-gradient":""}},"ast-content-background-meta":{"desktop":{"background-color":"var(--ast-global-color-5)","background-image":"","background-repeat":"repeat","background-position":"center center","background-size":"auto","background-attachment":"scroll","background-type":"","background-media":"","overlay-type":"","overlay-color":"","overlay-opacity":"","overlay-gradient":""},"tablet":{"background-color":"var(--ast-global-color-5)","background-image":"","background-repeat":"repeat","background-position":"center center","background-size":"auto","background-attachment":"scroll","background-type":"","background-media":"","overlay-type":"","overlay-color":"","overlay-opacity":"","overlay-gradient":""},"mobile":{"background-color":"var(--ast-global-color-5)","background-image":"","background-repeat":"repeat","background-position":"center center","background-size":"auto","background-attachment":"scroll","background-type":"","background-media":"","overlay-type":"","overlay-color":"","overlay-opacity":"","overlay-gradient":""}}},"product_brand":[],"product_cat":[31],"product_tag":[],"class_list":{"0":"post-2935","1":"product","2":"type-product","3":"status-publish","4":"has-post-thumbnail","6":"product_cat-produkter","7":"desktop-align-center","8":"tablet-align-left","9":"mobile-align-left","10":"ast-product-gallery-layout-horizontal-slider","11":"ast-product-gallery-with-no-image","12":"ast-magnify-disabled","13":"ast-product-tabs-layout-horizontal","15":"first","16":"instock","17":"shipping-taxable","18":"product-type-simple"},"yoast_head":"<!-- This site is optimized with the Yoast SEO Premium plugin v26.8 (Yoast SEO v26.8) - https:\/\/yoast.com\/product\/yoast-seo-premium-wordpress\/ -->\n<title>Selvsm\u00f8rende lagre og glidelister | Scanco AS<\/title>\n<meta name=\"description\" content=\"Scanco tilbyr selvsm\u00f8rende lagre og glidelister av h\u00f8y kvalitet for effektiv og vedlikeholdsfri drift. Stort utvalg og rask levering.\" \/>\n<meta name=\"robots\" content=\"index, follow, max-snippet:-1, max-image-preview:large, max-video-preview:-1\" \/>\n<link rel=\"canonical\" href=\"https:\/\/scanco.no\/en\/butikk\/produkter\/selvsmorende-lagre-og-glidelister\/\" \/>\n<meta property=\"og:locale\" content=\"en_GB\" \/>\n<meta property=\"og:type\" content=\"article\" \/>\n<meta property=\"og:title\" content=\"Selvsm\u00f8rende lagre og glidelister\" \/>\n<meta property=\"og:description\" content=\"Scanco tilbyr selvsm\u00f8rende lagre og glidelister av h\u00f8y kvalitet for effektiv og vedlikeholdsfri drift. Stort utvalg og rask levering.\" \/>\n<meta property=\"og:url\" content=\"https:\/\/scanco.no\/en\/butikk\/produkter\/selvsmorende-lagre-og-glidelister\/\" \/>\n<meta property=\"og:site_name\" content=\"Scanco AS\" \/>\n<meta property=\"article:publisher\" content=\"https:\/\/www.facebook.com\/scancoas\/\" \/>\n<meta property=\"article:modified_time\" content=\"2025-01-17T06:52:46+00:00\" \/>\n<meta property=\"og:image\" content=\"https:\/\/scanco.no\/wp-content\/uploads\/2023\/12\/20231219_091816348_iOS.webp\" \/>\n\t<meta property=\"og:image:width\" content=\"1920\" \/>\n\t<meta property=\"og:image:height\" content=\"1440\" \/>\n\t<meta property=\"og:image:type\" content=\"image\/webp\" \/>\n<meta name=\"twitter:card\" content=\"summary_large_image\" \/>\n<meta name=\"twitter:label1\" content=\"Estimated reading time\" \/>\n\t<meta name=\"twitter:data1\" content=\"2 minutes\" \/>\n<script type=\"application\/ld+json\" class=\"yoast-schema-graph\">{\"@context\":\"https:\/\/schema.org\",\"@graph\":[{\"@type\":\"WebPage\",\"@id\":\"https:\/\/scanco.no\/butikk\/produkter\/selvsmorende-lagre-og-glidelister\/\",\"url\":\"https:\/\/scanco.no\/butikk\/produkter\/selvsmorende-lagre-og-glidelister\/\",\"name\":\"Selvsm\u00f8rende lagre og glidelister | Scanco AS\",\"isPartOf\":{\"@id\":\"https:\/\/scanco.no\/#website\"},\"primaryImageOfPage\":{\"@id\":\"https:\/\/scanco.no\/butikk\/produkter\/selvsmorende-lagre-og-glidelister\/#primaryimage\"},\"image\":{\"@id\":\"https:\/\/scanco.no\/butikk\/produkter\/selvsmorende-lagre-og-glidelister\/#primaryimage\"},\"thumbnailUrl\":\"https:\/\/scanco.no\/wp-content\/uploads\/2023\/12\/20231219_091816348_iOS.webp\",\"datePublished\":\"2024-08-27T11:10:16+00:00\",\"dateModified\":\"2025-01-17T06:52:46+00:00\",\"description\":\"Scanco tilbyr selvsm\u00f8rende lagre og glidelister av h\u00f8y kvalitet for effektiv og vedlikeholdsfri drift. Stort utvalg og rask levering.\",\"breadcrumb\":{\"@id\":\"https:\/\/scanco.no\/butikk\/produkter\/selvsmorende-lagre-og-glidelister\/#breadcrumb\"},\"inLanguage\":\"en-GB\",\"potentialAction\":[{\"@type\":\"ReadAction\",\"target\":[\"https:\/\/scanco.no\/butikk\/produkter\/selvsmorende-lagre-og-glidelister\/\"]}]},{\"@type\":\"ImageObject\",\"inLanguage\":\"en-GB\",\"@id\":\"https:\/\/scanco.no\/butikk\/produkter\/selvsmorende-lagre-og-glidelister\/#primaryimage\",\"url\":\"https:\/\/scanco.no\/wp-content\/uploads\/2023\/12\/20231219_091816348_iOS.webp\",\"contentUrl\":\"https:\/\/scanco.no\/wp-content\/uploads\/2023\/12\/20231219_091816348_iOS.webp\",\"width\":1920,\"height\":1440,\"caption\":\"selvsm\u00f8rende lagre\"},{\"@type\":\"BreadcrumbList\",\"@id\":\"https:\/\/scanco.no\/butikk\/produkter\/selvsmorende-lagre-og-glidelister\/#breadcrumb\",\"itemListElement\":[{\"@type\":\"ListItem\",\"position\":1,\"name\":\"Hjem\",\"item\":\"https:\/\/scanco.no\/\"},{\"@type\":\"ListItem\",\"position\":2,\"name\":\"Produkter\",\"item\":\"https:\/\/scanco.no\/shop\/\"},{\"@type\":\"ListItem\",\"position\":3,\"name\":\"Selvsm\u00f8rende lagre og glidelister\"}]},{\"@type\":\"WebSite\",\"@id\":\"https:\/\/scanco.no\/#website\",\"url\":\"https:\/\/scanco.no\/\",\"name\":\"Scanco AS\",\"description\":\"\",\"publisher\":{\"@id\":\"https:\/\/scanco.no\/#organization\"},\"potentialAction\":[{\"@type\":\"SearchAction\",\"target\":{\"@type\":\"EntryPoint\",\"urlTemplate\":\"https:\/\/scanco.no\/?s={search_term_string}\"},\"query-input\":{\"@type\":\"PropertyValueSpecification\",\"valueRequired\":true,\"valueName\":\"search_term_string\"}}],\"inLanguage\":\"en-GB\"},{\"@type\":\"Organization\",\"@id\":\"https:\/\/scanco.no\/#organization\",\"name\":\"Scanco AS\",\"url\":\"https:\/\/scanco.no\/\",\"logo\":{\"@type\":\"ImageObject\",\"inLanguage\":\"en-GB\",\"@id\":\"https:\/\/scanco.no\/#\/schema\/logo\/image\/\",\"url\":\"https:\/\/scanco.no\/wp-content\/uploads\/2023\/11\/scanco_logo-uten-navn.png\",\"contentUrl\":\"https:\/\/scanco.no\/wp-content\/uploads\/2023\/11\/scanco_logo-uten-navn.png\",\"width\":402,\"height\":402,\"caption\":\"Scanco AS\"},\"image\":{\"@id\":\"https:\/\/scanco.no\/#\/schema\/logo\/image\/\"},\"sameAs\":[\"https:\/\/www.facebook.com\/scancoas\/\",\"https:\/\/www.youtube.com\/@ScancoAS\",\"https:\/\/www.linkedin.com\/company\/scanco-as\/\",\"https:\/\/www.instagram.com\/scancoas\/\"]}]}<\/script>\n<!-- \/ Yoast SEO Premium plugin. -->","yoast_head_json":{"title":"Self-lubricating bearings and sliding strips | Scanco AS","description":"Scanco offers high-quality self-lubricating bearings and sliding strips for efficient and maintenance-free operation. Large selection and fast delivery.","robots":{"index":"index","follow":"follow","max-snippet":"max-snippet:-1","max-image-preview":"max-image-preview:large","max-video-preview":"max-video-preview:-1"},"canonical":"https:\/\/scanco.no\/en\/butikk\/produkter\/selvsmorende-lagre-og-glidelister\/","og_locale":"en_GB","og_type":"article","og_title":"Selvsm\u00f8rende lagre og glidelister","og_description":"Scanco tilbyr selvsm\u00f8rende lagre og glidelister av h\u00f8y kvalitet for effektiv og vedlikeholdsfri drift. Stort utvalg og rask levering.","og_url":"https:\/\/scanco.no\/en\/butikk\/produkter\/selvsmorende-lagre-og-glidelister\/","og_site_name":"Scanco AS","article_publisher":"https:\/\/www.facebook.com\/scancoas\/","article_modified_time":"2025-01-17T06:52:46+00:00","og_image":[{"width":1920,"height":1440,"url":"https:\/\/scanco.no\/wp-content\/uploads\/2023\/12\/20231219_091816348_iOS.webp","type":"image\/webp"}],"twitter_card":"summary_large_image","twitter_misc":{"Estimated reading time":"2 minutes"},"schema":{"@context":"https:\/\/schema.org","@graph":[{"@type":"WebPage","@id":"https:\/\/scanco.no\/butikk\/produkter\/selvsmorende-lagre-og-glidelister\/","url":"https:\/\/scanco.no\/butikk\/produkter\/selvsmorende-lagre-og-glidelister\/","name":"Self-lubricating bearings and sliding strips | Scanco AS","isPartOf":{"@id":"https:\/\/scanco.no\/#website"},"primaryImageOfPage":{"@id":"https:\/\/scanco.no\/butikk\/produkter\/selvsmorende-lagre-og-glidelister\/#primaryimage"},"image":{"@id":"https:\/\/scanco.no\/butikk\/produkter\/selvsmorende-lagre-og-glidelister\/#primaryimage"},"thumbnailUrl":"https:\/\/scanco.no\/wp-content\/uploads\/2023\/12\/20231219_091816348_iOS.webp","datePublished":"2024-08-27T11:10:16+00:00","dateModified":"2025-01-17T06:52:46+00:00","description":"Scanco offers high-quality self-lubricating bearings and sliding strips for efficient and maintenance-free operation. Large selection and fast delivery.","breadcrumb":{"@id":"https:\/\/scanco.no\/butikk\/produkter\/selvsmorende-lagre-og-glidelister\/#breadcrumb"},"inLanguage":"en-GB","potentialAction":[{"@type":"ReadAction","target":["https:\/\/scanco.no\/butikk\/produkter\/selvsmorende-lagre-og-glidelister\/"]}]},{"@type":"ImageObject","inLanguage":"en-GB","@id":"https:\/\/scanco.no\/butikk\/produkter\/selvsmorende-lagre-og-glidelister\/#primaryimage","url":"https:\/\/scanco.no\/wp-content\/uploads\/2023\/12\/20231219_091816348_iOS.webp","contentUrl":"https:\/\/scanco.no\/wp-content\/uploads\/2023\/12\/20231219_091816348_iOS.webp","width":1920,"height":1440,"caption":"selvsm\u00f8rende lagre"},{"@type":"BreadcrumbList","@id":"https:\/\/scanco.no\/butikk\/produkter\/selvsmorende-lagre-og-glidelister\/#breadcrumb","itemListElement":[{"@type":"ListItem","position":1,"name":"Hjem","item":"https:\/\/scanco.no\/"},{"@type":"ListItem","position":2,"name":"Produkter","item":"https:\/\/scanco.no\/shop\/"},{"@type":"ListItem","position":3,"name":"Selvsm\u00f8rende lagre og glidelister"}]},{"@type":"WebSite","@id":"https:\/\/scanco.no\/#website","url":"https:\/\/scanco.no\/","name":"Scanco AS","description":"","publisher":{"@id":"https:\/\/scanco.no\/#organization"},"potentialAction":[{"@type":"SearchAction","target":{"@type":"EntryPoint","urlTemplate":"https:\/\/scanco.no\/?s={search_term_string}"},"query-input":{"@type":"PropertyValueSpecification","valueRequired":true,"valueName":"search_term_string"}}],"inLanguage":"en-GB"},{"@type":"Organization","@id":"https:\/\/scanco.no\/#organization","name":"Scanco AS","url":"https:\/\/scanco.no\/","logo":{"@type":"ImageObject","inLanguage":"en-GB","@id":"https:\/\/scanco.no\/#\/schema\/logo\/image\/","url":"https:\/\/scanco.no\/wp-content\/uploads\/2023\/11\/scanco_logo-uten-navn.png","contentUrl":"https:\/\/scanco.no\/wp-content\/uploads\/2023\/11\/scanco_logo-uten-navn.png","width":402,"height":402,"caption":"Scanco AS"},"image":{"@id":"https:\/\/scanco.no\/#\/schema\/logo\/image\/"},"sameAs":["https:\/\/www.facebook.com\/scancoas\/","https:\/\/www.youtube.com\/@ScancoAS","https:\/\/www.linkedin.com\/company\/scanco-as\/","https:\/\/www.instagram.com\/scancoas\/"]}]}},"_links":{"self":[{"href":"https:\/\/scanco.no\/en\/wp-json\/wp\/v2\/product\/2935","targetHints":{"allow":["GET"]}}],"collection":[{"href":"https:\/\/scanco.no\/en\/wp-json\/wp\/v2\/product"}],"about":[{"href":"https:\/\/scanco.no\/en\/wp-json\/wp\/v2\/types\/product"}],"version-history":[{"count":6,"href":"https:\/\/scanco.no\/en\/wp-json\/wp\/v2\/product\/2935\/revisions"}],"predecessor-version":[{"id":3526,"href":"https:\/\/scanco.no\/en\/wp-json\/wp\/v2\/product\/2935\/revisions\/3526"}],"wp:featuredmedia":[{"embeddable":true,"href":"https:\/\/scanco.no\/en\/wp-json\/wp\/v2\/media\/1269"}],"wp:attachment":[{"href":"https:\/\/scanco.no\/en\/wp-json\/wp\/v2\/media?parent=2935"}],"wp:term":[{"taxonomy":"product_brand","embeddable":true,"href":"https:\/\/scanco.no\/en\/wp-json\/wp\/v2\/product_brand?post=2935"},{"taxonomy":"product_cat","embeddable":true,"href":"https:\/\/scanco.no\/en\/wp-json\/wp\/v2\/product_cat?post=2935"},{"taxonomy":"product_tag","embeddable":true,"href":"https:\/\/scanco.no\/en\/wp-json\/wp\/v2\/product_tag?post=2935"}],"curies":[{"name":"wp","href":"https:\/\/api.w.org\/{rel}","templated":true}]}}